{"id":4032,"date":"2026-04-19T14:26:45","date_gmt":"2026-04-19T11:26:45","guid":{"rendered":"https:\/\/smashroom.fi\/?page_id=4032"},"modified":"2026-04-19T14:26:45","modified_gmt":"2026-04-19T11:26:45","slug":"simracing","status":"publish","type":"page","link":"https:\/\/smashroom.fi\/sv\/simracing\/","title":{"rendered":"SimRacing"},"content":{"rendered":"<p>K\u00f6rsimulatorerna tar dig direkt ut p\u00e5 racerbanorna.<br>Dessa simulatorer erbjuder en \u00e4kta k\u00f6rupplevelse d\u00e4r realistisk styrk\u00e4nsla m\u00f6ter kompromissl\u00f6s utrustning.<\/p>\n\n\n\n<p>Simulatorerna \u00e4r utrustade med h\u00f6gkvalitativa rattar, pedalset och v\u00e4xelspakar fr\u00e5n Moza samt 34\u201d sk\u00e4rmar som tillsammans skapar en verklighetstrogen k\u00f6rk\u00e4nsla. S\u00e4tet g\u00f6r k\u00f6rningen bekv\u00e4m f\u00f6r f\u00f6rare i alla storlekar, och en kraftfull dator tillsammans med h\u00f6gklassiga h\u00f6gtalare ser till att varje kurva, acceleration och inbromsning k\u00e4nns och l\u00e5ter som p\u00e5 riktigt.<\/p>\n\n\n\n<p>Du kan spela Assetto Corsa, d\u00e4r du kan utmana dig sj\u00e4lv eller en v\u00e4n p\u00e5 olika banor. Oavsett om du \u00e4r en erfaren f\u00f6rare eller nyb\u00f6rjare erbjuder simulatorerna underh\u00e5llning och sp\u00e4nning f\u00f6r alla.<br>Detta \u00e4r det perfekta s\u00e4ttet att kliva in i en racers v\u00e4rld \u2013 s\u00e4kert och roligt.<\/p>\n\n\n\n<p>Pris<br>Tis\u2013tors: 26 \u20ac\/timme<br>Fre\u2013s\u00f6n: 34 \u20ac\/timme<br>Pris per simulator<\/p>\n\n\n\n<figure class=\"wp-block-gallery has-nested-images columns-default is-cropped wp-block-gallery-1 is-layout-flex wp-block-gallery-is-layout-flex\">\n<figure class=\"wp-block-image size-large\"><img loading=\"lazy\" decoding=\"async\" width=\"581\" height=\"1024\" data-id=\"4026\" src=\"https:\/\/smashroom.fi\/wp-content\/uploads\/2026\/04\/WhatsApp-Image-2026-04-19-at-11.28.36-581x1024.jpeg\" alt=\"\" class=\"wp-image-4026\" srcset=\"https:\/\/smashroom.fi\/wp-content\/uploads\/2026\/04\/WhatsApp-Image-2026-04-19-at-11.28.36-581x1024.jpeg 581w, https:\/\/smashroom.fi\/wp-content\/uploads\/2026\/04\/WhatsApp-Image-2026-04-19-at-11.28.36-170x300.jpeg 170w, https:\/\/smashroom.fi\/wp-content\/uploads\/2026\/04\/WhatsApp-Image-2026-04-19-at-11.28.36-768x1354.jpeg 768w, https:\/\/smashroom.fi\/wp-content\/uploads\/2026\/04\/WhatsApp-Image-2026-04-19-at-11.28.36-872x1536.jpeg 872w, https:\/\/smashroom.fi\/wp-content\/uploads\/2026\/04\/WhatsApp-Image-2026-04-19-at-11.28.36-7x12.jpeg 7w, https:\/\/smashroom.fi\/wp-content\/uploads\/2026\/04\/WhatsApp-Image-2026-04-19-at-11.28.36-300x529.jpeg 300w, https:\/\/smashroom.fi\/wp-content\/uploads\/2026\/04\/WhatsApp-Image-2026-04-19-at-11.28.36.jpeg 1162w\" sizes=\"auto, (max-width: 581px) 100vw, 581px\" \/><\/figure>\n\n\n\n<figure class=\"wp-block-image size-large\"><img loading=\"lazy\" decoding=\"async\" width=\"768\" height=\"1024\" data-id=\"4025\" src=\"https:\/\/smashroom.fi\/wp-content\/uploads\/2026\/04\/WhatsApp-Image-2026-04-19-at-11.28.50-768x1024.jpeg\" alt=\"\" class=\"wp-image-4025\" srcset=\"https:\/\/smashroom.fi\/wp-content\/uploads\/2026\/04\/WhatsApp-Image-2026-04-19-at-11.28.50-768x1024.jpeg 768w, https:\/\/smashroom.fi\/wp-content\/uploads\/2026\/04\/WhatsApp-Image-2026-04-19-at-11.28.50-225x300.jpeg 225w, https:\/\/smashroom.fi\/wp-content\/uploads\/2026\/04\/WhatsApp-Image-2026-04-19-at-11.28.50-1152x1536.jpeg 1152w, https:\/\/smashroom.fi\/wp-content\/uploads\/2026\/04\/WhatsApp-Image-2026-04-19-at-11.28.50-9x12.jpeg 9w, https:\/\/smashroom.fi\/wp-content\/uploads\/2026\/04\/WhatsApp-Image-2026-04-19-at-11.28.50-300x400.jpeg 300w, https:\/\/smashroom.fi\/wp-content\/uploads\/2026\/04\/WhatsApp-Image-2026-04-19-at-11.28.50.jpeg 1536w\" sizes=\"auto, (max-width: 768px) 100vw, 768px\" \/><\/figure>\n<\/figure>","protected":false},"excerpt":{"rendered":"<p>Ajosimulaattorit viev\u00e4t sinut suoraan kilparadoille.N\u00e4m\u00e4 simulaattorit tarjoavat aidon ajokokemuksen, jossa yhdistyv\u00e4t realistinen ohjaustuntuma ja tinkim\u00e4t\u00f6n laitteisto. Simulaattorit on varustettu Mozan laadukkailla rateilla, poljinseteill\u00e4 ja vaihdekepeill\u00e4 sek\u00e4 34\u201d n\u00e4yt\u00f6ill\u00e4, jotka yhdess\u00e4 luovat aidontuntuisen ajokokemuksen. Istuin tekee ajamisesta mukavaa erikokoisille kuskeille, ja tehokas tietokone sek\u00e4 laadukkaat kaiuttimet varmistavat, ett\u00e4 jokainen mutka, kiihdytys ja jarrutus tuntuu ja kuulostaa &#8230; <a title=\"SimRacing\" class=\"read-more\" href=\"https:\/\/smashroom.fi\/sv\/simracing\/\" aria-label=\"L\u00e4s mer om SimRacing\">L\u00e4s mer<\/a><\/p>","protected":false},"author":1,"featured_media":0,"parent":0,"menu_order":0,"comment_status":"closed","ping_status":"closed","template":"","meta":{"_uag_custom_page_level_css":"","footnotes":""},"class_list":["post-4032","page","type-page","status-publish"],"uagb_featured_image_src":{"full":false,"thumbnail":false,"medium":false,"medium_large":false,"large":false,"1536x1536":false,"2048x2048":false,"trp-custom-language-flag":false,"woocommerce_thumbnail":false,"woocommerce_single":false,"woocommerce_gallery_thumbnail":false},"uagb_author_info":{"display_name":"Smash room","author_link":"https:\/\/smashroom.fi\/sv\/author\/userkkdoo235\/"},"uagb_comment_info":0,"uagb_excerpt":"Ajosimulaattorit viev\u00e4t sinut suoraan kilparadoille.N\u00e4m\u00e4 simulaattorit tarjoavat aidon ajokokemuksen, jossa yhdistyv\u00e4t realistinen ohjaustuntuma ja tinkim\u00e4t\u00f6n laitteisto. Simulaattorit on varustettu Mozan laadukkailla rateilla, poljinseteill\u00e4 ja vaihdekepeill\u00e4 sek\u00e4 34\u201d n\u00e4yt\u00f6ill\u00e4, jotka yhdess\u00e4 luovat aidontuntuisen ajokokemuksen. Istuin tekee ajamisesta mukavaa erikokoisille kuskeille, ja tehokas tietokone sek\u00e4 laadukkaat kaiuttimet varmistavat, ett\u00e4 jokainen mutka, kiihdytys ja jarrutus tuntuu ja kuulostaa&hellip;","_links":{"self":[{"href":"https:\/\/smashroom.fi\/sv\/wp-json\/wp\/v2\/pages\/4032","targetHints":{"allow":["GET"]}}],"collection":[{"href":"https:\/\/smashroom.fi\/sv\/wp-json\/wp\/v2\/pages"}],"about":[{"href":"https:\/\/smashroom.fi\/sv\/wp-json\/wp\/v2\/types\/page"}],"author":[{"embeddable":true,"href":"https:\/\/smashroom.fi\/sv\/wp-json\/wp\/v2\/users\/1"}],"replies":[{"embeddable":true,"href":"https:\/\/smashroom.fi\/sv\/wp-json\/wp\/v2\/comments?post=4032"}],"version-history":[{"count":1,"href":"https:\/\/smashroom.fi\/sv\/wp-json\/wp\/v2\/pages\/4032\/revisions"}],"predecessor-version":[{"id":4033,"href":"https:\/\/smashroom.fi\/sv\/wp-json\/wp\/v2\/pages\/4032\/revisions\/4033"}],"wp:attachment":[{"href":"https:\/\/smashroom.fi\/sv\/wp-json\/wp\/v2\/media?parent=4032"}],"curies":[{"name":"wp","href":"https:\/\/api.w.org\/{rel}","templated":true}]}}