{"id":3227,"date":"2025-08-24T17:33:07","date_gmt":"2025-08-24T14:33:07","guid":{"rendered":"https:\/\/smashroom.fi\/?page_id=3227"},"modified":"2025-08-24T17:49:10","modified_gmt":"2025-08-24T14:49:10","slug":"vr-franchise","status":"publish","type":"page","link":"https:\/\/smashroom.fi\/sv\/vr-franchise\/","title":{"rendered":"VR Franchise"},"content":{"rendered":"<p>Ta Battle Start VR till din stad!<br>Vi expanderar runt om i Finland \u2013 och nu har du chansen att \u00f6ppna din egen Battle Start VR Arena. Du beh\u00f6ver bara 25 kvadratmeter f\u00f6r att komma ig\u00e5ng! Bli en del av framtidens underh\u00e5llning och g\u00e5 med i n\u00e4tverket som startade i Vasa.<\/p>\n\n\n\n<p>Intresserad av att \u00f6ppna en Battle Start VR Arena? Kontakta\u00a0oss\u00a0idag!<\/p>\n\n\n\n<p>thomas@smashroom.fi \u202a+358 40 183 1910\u202c <a href=\"http:\/\/www.battlestart.com\">www.battlestart.com<\/a><\/p>\n\n\n\n<figure class=\"wp-block-gallery has-nested-images columns-2 is-cropped wp-block-gallery-1 is-layout-flex wp-block-gallery-is-layout-flex\">\n<figure class=\"wp-block-image size-large is-style-rounded\"><img loading=\"lazy\" decoding=\"async\" width=\"1024\" height=\"683\" data-id=\"3230\" src=\"https:\/\/smashroom.fi\/wp-content\/uploads\/2025\/08\/WhatsApp-Bild-2025-08-23-kl.-11.37.41_038f7006-1024x683.jpg\" alt=\"\" class=\"wp-image-3230\" srcset=\"https:\/\/smashroom.fi\/wp-content\/uploads\/2025\/08\/WhatsApp-Bild-2025-08-23-kl.-11.37.41_038f7006-1024x683.jpg 1024w, https:\/\/smashroom.fi\/wp-content\/uploads\/2025\/08\/WhatsApp-Bild-2025-08-23-kl.-11.37.41_038f7006-300x200.jpg 300w, https:\/\/smashroom.fi\/wp-content\/uploads\/2025\/08\/WhatsApp-Bild-2025-08-23-kl.-11.37.41_038f7006-768x512.jpg 768w, https:\/\/smashroom.fi\/wp-content\/uploads\/2025\/08\/WhatsApp-Bild-2025-08-23-kl.-11.37.41_038f7006-1536x1025.jpg 1536w, https:\/\/smashroom.fi\/wp-content\/uploads\/2025\/08\/WhatsApp-Bild-2025-08-23-kl.-11.37.41_038f7006-18x12.jpg 18w, https:\/\/smashroom.fi\/wp-content\/uploads\/2025\/08\/WhatsApp-Bild-2025-08-23-kl.-11.37.41_038f7006.jpg 2048w\" sizes=\"auto, (max-width: 1024px) 100vw, 1024px\" \/><\/figure>\n\n\n\n<figure class=\"wp-block-image size-large is-style-rounded\"><img loading=\"lazy\" decoding=\"async\" width=\"1024\" height=\"683\" data-id=\"3233\" src=\"https:\/\/smashroom.fi\/wp-content\/uploads\/2025\/08\/WhatsApp-Bild-2025-08-23-kl.-11.37.41_625b211a-1024x683.jpg\" alt=\"\" class=\"wp-image-3233\" srcset=\"https:\/\/smashroom.fi\/wp-content\/uploads\/2025\/08\/WhatsApp-Bild-2025-08-23-kl.-11.37.41_625b211a-1024x683.jpg 1024w, https:\/\/smashroom.fi\/wp-content\/uploads\/2025\/08\/WhatsApp-Bild-2025-08-23-kl.-11.37.41_625b211a-300x200.jpg 300w, https:\/\/smashroom.fi\/wp-content\/uploads\/2025\/08\/WhatsApp-Bild-2025-08-23-kl.-11.37.41_625b211a-768x512.jpg 768w, https:\/\/smashroom.fi\/wp-content\/uploads\/2025\/08\/WhatsApp-Bild-2025-08-23-kl.-11.37.41_625b211a-1536x1025.jpg 1536w, https:\/\/smashroom.fi\/wp-content\/uploads\/2025\/08\/WhatsApp-Bild-2025-08-23-kl.-11.37.41_625b211a-18x12.jpg 18w, https:\/\/smashroom.fi\/wp-content\/uploads\/2025\/08\/WhatsApp-Bild-2025-08-23-kl.-11.37.41_625b211a.jpg 2048w\" sizes=\"auto, (max-width: 1024px) 100vw, 1024px\" \/><\/figure>\n\n\n\n<figure class=\"wp-block-image size-large is-style-rounded\"><img loading=\"lazy\" decoding=\"async\" width=\"1024\" height=\"576\" data-id=\"3231\" src=\"https:\/\/smashroom.fi\/wp-content\/uploads\/2025\/08\/WhatsApp-Bild-2025-08-23-kl.-11.37.41_300f04cf-1024x576.jpg\" alt=\"\" class=\"wp-image-3231\" srcset=\"https:\/\/smashroom.fi\/wp-content\/uploads\/2025\/08\/WhatsApp-Bild-2025-08-23-kl.-11.37.41_300f04cf-1024x576.jpg 1024w, https:\/\/smashroom.fi\/wp-content\/uploads\/2025\/08\/WhatsApp-Bild-2025-08-23-kl.-11.37.41_300f04cf-300x169.jpg 300w, https:\/\/smashroom.fi\/wp-content\/uploads\/2025\/08\/WhatsApp-Bild-2025-08-23-kl.-11.37.41_300f04cf-768x432.jpg 768w, https:\/\/smashroom.fi\/wp-content\/uploads\/2025\/08\/WhatsApp-Bild-2025-08-23-kl.-11.37.41_300f04cf-1536x864.jpg 1536w, https:\/\/smashroom.fi\/wp-content\/uploads\/2025\/08\/WhatsApp-Bild-2025-08-23-kl.-11.37.41_300f04cf-18x10.jpg 18w, https:\/\/smashroom.fi\/wp-content\/uploads\/2025\/08\/WhatsApp-Bild-2025-08-23-kl.-11.37.41_300f04cf.jpg 2048w\" sizes=\"auto, (max-width: 1024px) 100vw, 1024px\" \/><\/figure>\n\n\n\n<figure class=\"wp-block-image size-large is-style-rounded\"><img loading=\"lazy\" decoding=\"async\" width=\"1024\" height=\"576\" data-id=\"3232\" src=\"https:\/\/smashroom.fi\/wp-content\/uploads\/2025\/08\/WhatsApp-Bild-2025-08-23-kl.-11.37.41_d501c5c5-1024x576.jpg\" alt=\"\" class=\"wp-image-3232\" srcset=\"https:\/\/smashroom.fi\/wp-content\/uploads\/2025\/08\/WhatsApp-Bild-2025-08-23-kl.-11.37.41_d501c5c5-1024x576.jpg 1024w, https:\/\/smashroom.fi\/wp-content\/uploads\/2025\/08\/WhatsApp-Bild-2025-08-23-kl.-11.37.41_d501c5c5-300x169.jpg 300w, https:\/\/smashroom.fi\/wp-content\/uploads\/2025\/08\/WhatsApp-Bild-2025-08-23-kl.-11.37.41_d501c5c5-768x432.jpg 768w, https:\/\/smashroom.fi\/wp-content\/uploads\/2025\/08\/WhatsApp-Bild-2025-08-23-kl.-11.37.41_d501c5c5-1536x864.jpg 1536w, https:\/\/smashroom.fi\/wp-content\/uploads\/2025\/08\/WhatsApp-Bild-2025-08-23-kl.-11.37.41_d501c5c5-18x10.jpg 18w, https:\/\/smashroom.fi\/wp-content\/uploads\/2025\/08\/WhatsApp-Bild-2025-08-23-kl.-11.37.41_d501c5c5.jpg 2048w\" sizes=\"auto, (max-width: 1024px) 100vw, 1024px\" \/><\/figure>\n<\/figure>\n\n\n\n<p><\/p>","protected":false},"excerpt":{"rendered":"<p>Tuo Battle Start VR omaan kaupunkiisi!Laajennamme ymp\u00e4ri Suomea \u2013 ja nyt sinulla on mahdollisuus avata oma Battle Start VR Arena. Tarvitset vain 25 neli\u00f6metri\u00e4 tilaa aloittaaksesi! Ole osa viihteen tulevaisuutta ja liity verkostoon, joka sai alkunsa Vaasasta. Kiinnostunut avaamaan Battle Start VR Arenan? Ota yhteytt\u00e4 heti! thomas@smashroom.fi \u202a+358 40 183 1910\u202c www.battlestart.com<\/p>","protected":false},"author":1,"featured_media":0,"parent":0,"menu_order":0,"comment_status":"closed","ping_status":"closed","template":"","meta":{"_uag_custom_page_level_css":"","footnotes":""},"class_list":["post-3227","page","type-page","status-publish"],"uagb_featured_image_src":{"full":false,"thumbnail":false,"medium":false,"medium_large":false,"large":false,"1536x1536":false,"2048x2048":false,"trp-custom-language-flag":false,"woocommerce_thumbnail":false,"woocommerce_single":false,"woocommerce_gallery_thumbnail":false},"uagb_author_info":{"display_name":"Smash room","author_link":"https:\/\/smashroom.fi\/sv\/author\/userkkdoo235\/"},"uagb_comment_info":0,"uagb_excerpt":"Tuo Battle Start VR omaan kaupunkiisi!Laajennamme ymp\u00e4ri Suomea \u2013 ja nyt sinulla on mahdollisuus avata oma Battle Start VR Arena. Tarvitset vain 25 neli\u00f6metri\u00e4 tilaa aloittaaksesi! Ole osa viihteen tulevaisuutta ja liity verkostoon, joka sai alkunsa Vaasasta. Kiinnostunut avaamaan Battle Start VR Arenan? Ota yhteytt\u00e4 heti! thomas@smashroom.fi \u202a+358 40 183 1910\u202c www.battlestart.com","_links":{"self":[{"href":"https:\/\/smashroom.fi\/sv\/wp-json\/wp\/v2\/pages\/3227","targetHints":{"allow":["GET"]}}],"collection":[{"href":"https:\/\/smashroom.fi\/sv\/wp-json\/wp\/v2\/pages"}],"about":[{"href":"https:\/\/smashroom.fi\/sv\/wp-json\/wp\/v2\/types\/page"}],"author":[{"embeddable":true,"href":"https:\/\/smashroom.fi\/sv\/wp-json\/wp\/v2\/users\/1"}],"replies":[{"embeddable":true,"href":"https:\/\/smashroom.fi\/sv\/wp-json\/wp\/v2\/comments?post=3227"}],"version-history":[{"count":8,"href":"https:\/\/smashroom.fi\/sv\/wp-json\/wp\/v2\/pages\/3227\/revisions"}],"predecessor-version":[{"id":3248,"href":"https:\/\/smashroom.fi\/sv\/wp-json\/wp\/v2\/pages\/3227\/revisions\/3248"}],"wp:attachment":[{"href":"https:\/\/smashroom.fi\/sv\/wp-json\/wp\/v2\/media?parent=3227"}],"curies":[{"name":"wp","href":"https:\/\/api.w.org\/{rel}","templated":true}]}}