{"id":3062,"date":"2025-07-31T11:24:31","date_gmt":"2025-07-31T08:24:31","guid":{"rendered":"https:\/\/smashroom.fi\/?page_id=3062"},"modified":"2026-01-23T05:59:59","modified_gmt":"2026-01-23T03:59:59","slug":"lasten-synttarit","status":"publish","type":"page","link":"https:\/\/smashroom.fi\/sv\/lasten-synttarit\/","title":{"rendered":"Barnkalas"},"content":{"rendered":"<p>- Max 3 barn inne i rummet samtidigt s\u00e5 barnen delas i grupper<br>- En f\u00f6r\u00e4lder b\u00f6r vara inne i Smash rummet hela tiden.<br>- I priset ing\u00e5r saft, en sk\u00e5l med godis och en sk\u00e5l med chips<br>- Eventuellt \u00f6vrigt \u00e4t och drickbart h\u00e4mtas med av f\u00f6r\u00e4lder.<\/p>\n\n\n\n<p>ELLER<\/p>\n\n\n\n<p>- VR-arena, 16 spelare samtidigt<br>- I priset ing\u00e5r saft, en sk\u00e5l med godis och en sk\u00e5l med chips<br>- Eventuellt \u00f6vrigt \u00e4t och drickbart h\u00e4mtas med av f\u00f6r\u00e4lder.<\/p>\n\n\n\n<p>Party + Smash <strong>20 \u20ac \/ barn<\/strong><br>Party + VR <strong>20 \u20ac \/ barn<\/strong><br>Party + Smash + VR <strong>30 \u20ac \/ barn<\/strong><\/p>\n\n\n\n<figure class=\"wp-block-gallery has-nested-images columns-default is-cropped wp-block-gallery-1 is-layout-flex wp-block-gallery-is-layout-flex\">\n<figure class=\"wp-block-image size-large\"><img loading=\"lazy\" decoding=\"async\" width=\"771\" height=\"1024\" data-id=\"3410\" src=\"https:\/\/smashroom.fi\/wp-content\/uploads\/2025\/09\/e224b3fb-de0c-42ee-a162-5cb2f3c2c918-771x1024.jpeg\" alt=\"\" class=\"wp-image-3410\" srcset=\"https:\/\/smashroom.fi\/wp-content\/uploads\/2025\/09\/e224b3fb-de0c-42ee-a162-5cb2f3c2c918-771x1024.jpeg 771w, https:\/\/smashroom.fi\/wp-content\/uploads\/2025\/09\/e224b3fb-de0c-42ee-a162-5cb2f3c2c918-226x300.jpeg 226w, https:\/\/smashroom.fi\/wp-content\/uploads\/2025\/09\/e224b3fb-de0c-42ee-a162-5cb2f3c2c918-768x1020.jpeg 768w, https:\/\/smashroom.fi\/wp-content\/uploads\/2025\/09\/e224b3fb-de0c-42ee-a162-5cb2f3c2c918-1156x1536.jpeg 1156w, https:\/\/smashroom.fi\/wp-content\/uploads\/2025\/09\/e224b3fb-de0c-42ee-a162-5cb2f3c2c918-9x12.jpeg 9w, https:\/\/smashroom.fi\/wp-content\/uploads\/2025\/09\/e224b3fb-de0c-42ee-a162-5cb2f3c2c918-300x399.jpeg 300w, https:\/\/smashroom.fi\/wp-content\/uploads\/2025\/09\/e224b3fb-de0c-42ee-a162-5cb2f3c2c918.jpeg 1290w\" sizes=\"auto, (max-width: 771px) 100vw, 771px\" \/><\/figure>\n\n\n\n<figure class=\"wp-block-image size-large\"><img loading=\"lazy\" decoding=\"async\" width=\"836\" height=\"1024\" data-id=\"3409\" src=\"https:\/\/smashroom.fi\/wp-content\/uploads\/2025\/09\/8e76f394-f336-4be8-b5f5-a99cfc1fc813-836x1024.jpeg\" alt=\"\" class=\"wp-image-3409\" srcset=\"https:\/\/smashroom.fi\/wp-content\/uploads\/2025\/09\/8e76f394-f336-4be8-b5f5-a99cfc1fc813-836x1024.jpeg 836w, https:\/\/smashroom.fi\/wp-content\/uploads\/2025\/09\/8e76f394-f336-4be8-b5f5-a99cfc1fc813-245x300.jpeg 245w, https:\/\/smashroom.fi\/wp-content\/uploads\/2025\/09\/8e76f394-f336-4be8-b5f5-a99cfc1fc813-768x941.jpeg 768w, https:\/\/smashroom.fi\/wp-content\/uploads\/2025\/09\/8e76f394-f336-4be8-b5f5-a99cfc1fc813-1254x1536.jpeg 1254w, https:\/\/smashroom.fi\/wp-content\/uploads\/2025\/09\/8e76f394-f336-4be8-b5f5-a99cfc1fc813-10x12.jpeg 10w, https:\/\/smashroom.fi\/wp-content\/uploads\/2025\/09\/8e76f394-f336-4be8-b5f5-a99cfc1fc813-300x367.jpeg 300w, https:\/\/smashroom.fi\/wp-content\/uploads\/2025\/09\/8e76f394-f336-4be8-b5f5-a99cfc1fc813.jpeg 1290w\" sizes=\"auto, (max-width: 836px) 100vw, 836px\" \/><\/figure>\n<\/figure>","protected":false},"excerpt":{"rendered":"<p>\u2013 Max 3 lasta samaan aikaan huoneessa, joten lapset jaetaan ryhmiin.\u2013 Vanhemman tulee olla Smash-huoneessa koko ajan.\u2013 Hintaan sis\u00e4ltyy mehu, kulho karkkia ja kulho sipsej\u00e4.\u2013 Vanhemmat tuovat mukanaan muuta ruokaa ja juomaa. TAI \u2013 VR arena, 16 pelaaja samaan aikaan\u2013 Hintaan sis\u00e4ltyy mehu, kulho karkkia ja kulho sipsej\u00e4.\u2013 Vanhemmat tuovat mukanaan muuta ruokaa ja juomaa. &#8230; <a title=\"Barnkalas\" class=\"read-more\" href=\"https:\/\/smashroom.fi\/sv\/lasten-synttarit\/\" aria-label=\"L\u00e4s mer om Lasten syntt\u00e4rit\">L\u00e4s mer<\/a><\/p>","protected":false},"author":1,"featured_media":0,"parent":0,"menu_order":0,"comment_status":"closed","ping_status":"closed","template":"","meta":{"_uag_custom_page_level_css":"","footnotes":""},"class_list":["post-3062","page","type-page","status-publish"],"uagb_featured_image_src":{"full":false,"thumbnail":false,"medium":false,"medium_large":false,"large":false,"1536x1536":false,"2048x2048":false,"trp-custom-language-flag":false,"woocommerce_thumbnail":false,"woocommerce_single":false,"woocommerce_gallery_thumbnail":false},"uagb_author_info":{"display_name":"Smash room","author_link":"https:\/\/smashroom.fi\/sv\/author\/userkkdoo235\/"},"uagb_comment_info":0,"uagb_excerpt":"\u2013 Max 3 lasta samaan aikaan huoneessa, joten lapset jaetaan ryhmiin.\u2013 Vanhemman tulee olla Smash-huoneessa koko ajan.\u2013 Hintaan sis\u00e4ltyy mehu, kulho karkkia ja kulho sipsej\u00e4.\u2013 Vanhemmat tuovat mukanaan muuta ruokaa ja juomaa. TAI \u2013 VR arena, 16 pelaaja samaan aikaan\u2013 Hintaan sis\u00e4ltyy mehu, kulho karkkia ja kulho sipsej\u00e4.\u2013 Vanhemmat tuovat mukanaan muuta ruokaa ja juomaa.&hellip;","_links":{"self":[{"href":"https:\/\/smashroom.fi\/sv\/wp-json\/wp\/v2\/pages\/3062","targetHints":{"allow":["GET"]}}],"collection":[{"href":"https:\/\/smashroom.fi\/sv\/wp-json\/wp\/v2\/pages"}],"about":[{"href":"https:\/\/smashroom.fi\/sv\/wp-json\/wp\/v2\/types\/page"}],"author":[{"embeddable":true,"href":"https:\/\/smashroom.fi\/sv\/wp-json\/wp\/v2\/users\/1"}],"replies":[{"embeddable":true,"href":"https:\/\/smashroom.fi\/sv\/wp-json\/wp\/v2\/comments?post=3062"}],"version-history":[{"count":10,"href":"https:\/\/smashroom.fi\/sv\/wp-json\/wp\/v2\/pages\/3062\/revisions"}],"predecessor-version":[{"id":3731,"href":"https:\/\/smashroom.fi\/sv\/wp-json\/wp\/v2\/pages\/3062\/revisions\/3731"}],"wp:attachment":[{"href":"https:\/\/smashroom.fi\/sv\/wp-json\/wp\/v2\/media?parent=3062"}],"curies":[{"name":"wp","href":"https:\/\/api.w.org\/{rel}","templated":true}]}}