{"id":3,"date":"2024-08-31T06:26:28","date_gmt":"2024-08-31T06:26:28","guid":{"rendered":"https:\/\/smashroom.fi\/?page_id=3"},"modified":"2024-10-07T17:00:27","modified_gmt":"2024-10-07T14:00:27","slug":"privacy-policy","status":"publish","type":"page","link":"https:\/\/smashroom.fi\/sv\/privacy-policy\/","title":{"rendered":"Sekretesspolicy"},"content":{"rendered":"<h2 class=\"wp-block-heading\">Vilka vi \u00e4r<\/h2>\n\n\n\n<p>Adressen till v\u00e5r webbplats \u00e4r: https:\/\/smashroom.fi.<\/p>\n\n\n\n<h2 class=\"gb-headline gb-headline-fe4fb49d gb-headline-text\">Avbokningar<\/h2>\n\n\n\n<p class=\"translation-block\">Kontakta oss om du vill \u00e4ndra din bokning.<br>Om du inte kan n\u00e4rvara, avboka senast 48 timmar f\u00f6re datumet.<br>Vi f\u00f6rbeh\u00e5ller oss r\u00e4tten att debitera mindre \u00e4n det eller f\u00f6r inst\u00e4llda eller inte avbokade m\u00f6ten p\u00e5 dagen av m\u00f6tet.<br>Ett l\u00e4karintyg fr\u00e5n en auktoriserad l\u00e4kare accepteras f\u00f6r att avbest\u00e4llningsavgiften ska undvikas.<\/p>\n\n\n\n<h2 class=\"gb-headline gb-headline-fe4fb49d gb-headline-text\">Kommentarer<\/h2>\n\n\n\n<p>N\u00e4r bes\u00f6kare l\u00e4mnar kommentarer p\u00e5 sajten samlar vi in \u200b\u200binformationen som visas i kommentarsformul\u00e4ret, samt bes\u00f6karens IP-adress och webbl\u00e4sarens anv\u00e4ndaragentk\u00f6 f\u00f6r att underl\u00e4tta identifiering av skr\u00e4ppost.<\/p>\n\n\n\n<p>En anonymiserad str\u00e4ng (\u00e4ven kallad en hash) som genereras fr\u00e5n din e-postadress kan skickas till Gravatar f\u00f6r att se om du anv\u00e4nder den. Sekretesspolicyn f\u00f6r Gravatar-tj\u00e4nsten finns tillg\u00e4nglig h\u00e4r: https:\/\/automattic.com\/privacy\/. N\u00e4r din kommentar har godk\u00e4nts kommer din profilbild att visas offentligt tillsammans med din kommentar.<\/p>\n\n\n\n<h2 class=\"gb-headline gb-headline-dd49139e gb-headline-text\">Kakor<\/h2>\n\n\n\n<p>Om du l\u00e4mnar en kommentar p\u00e5 v\u00e5r sida kan du valfritt spara ditt namn, din e-postadress och din webbplats i cookies. Dessa \u00e4r f\u00f6r din bekv\u00e4mlighet s\u00e5 att du inte beh\u00f6ver fylla i dina uppgifter igen n\u00e4r du l\u00e4mnar en annan kommentar. Dessa cookies lagras i ett \u00e5r.<\/p>\n\n\n\n<p>Om du bes\u00f6ker v\u00e5r inloggningssida s\u00e4tter vi en tillf\u00e4llig cookie f\u00f6r att avg\u00f6ra om din webbl\u00e4sare accepterar cookies. Denna cookie inneh\u00e5ller ingen personlig information och kasseras n\u00e4r du st\u00e4nger din webbl\u00e4sare.<\/p>\n\n\n\n<p>Kun kirjaudut sis\u00e4\u00e4n, asetamme my\u00f6s useita ev\u00e4steit\u00e4 tallentaaksemme kirjautumistietosi ja n\u00e4yt\u00f6n valintasi. Kirjautumisev\u00e4steet kest\u00e4v\u00e4t kaksi p\u00e4iv\u00e4\u00e4 ja n\u00e4ytt\u00f6asetusev\u00e4steet vuoden. Jos valitset &#8221;Muista minut&#8221;, kirjautumisesi s\u00e4ilyy kaksi viikkoa. Jos kirjaudut ulos tililt\u00e4si, kirjautumisev\u00e4steet poistetaan.<\/p>\n\n\n\n<p>Om du redigerar eller publicerar en artikel lagras ytterligare en cookie i din webbl\u00e4sare. Denna cookie inneh\u00e5ller ingen personlig information och anger helt enkelt meddelande-ID:t f\u00f6r artikeln du just redigerade. Den upph\u00f6r att g\u00e4lla efter 1 dag.<\/p>\n\n\n\n<h2 class=\"gb-headline gb-headline-740c9556 gb-headline-text\">Inb\u00e4ddat inneh\u00e5ll fr\u00e5n andra webbplatser<\/h2>\n\n\n\n<p>Artiklar p\u00e5 denna webbplats kan inneh\u00e5lla inb\u00e4ddat inneh\u00e5ll (t.ex. videor, bilder, artiklar, etc.). Inb\u00e4ddat inneh\u00e5ll p\u00e5 andra webbplatser beter sig precis som om bes\u00f6karen hade bes\u00f6kt en annan webbplats.<\/p>\n\n\n\n<p>Dessa webbplatser kan samla in information om dig, anv\u00e4nda cookies, b\u00e4dda in ytterligare sp\u00e5rning fr\u00e5n tredje part och sp\u00e5ra dina interaktioner med inb\u00e4ddat inneh\u00e5ll, inklusive dina interaktioner med inb\u00e4ddat inneh\u00e5ll om du har ett konto och \u00e4r inloggad p\u00e5 den webbplatsen.<\/p>\n\n\n\n<h2 class=\"gb-headline gb-headline-b115b1b6 gb-headline-text\">Vem vi delar din information med<\/h2>\n\n\n\n<p>Om du beg\u00e4r en l\u00f6senords\u00e4ndring kommer din IP-adress att inkluderas i \u00e5terst\u00e4llningsmeddelandet.<\/p>\n\n\n\n<h2 class=\"gb-headline gb-headline-a3962839 gb-headline-text\">Hur l\u00e4nge vi sparar dina uppgifter<\/h2>\n\n\n\n<p>Om du l\u00e4mnar en kommentar kommer kommentaren och dess metadata att lagras p\u00e5 obest\u00e4md tid. Detta g\u00f6r att vi automatiskt kan identifiera och godk\u00e4nna alla uppf\u00f6ljande kommentarer ist\u00e4llet f\u00f6r att h\u00e5lla dem i en recensionsk\u00f6.<\/p>\n\n\n\n<p>F\u00f6r anv\u00e4ndare som registrerar sig p\u00e5 v\u00e5r webbplats (om n\u00e5gon) lagrar vi \u00e4ven den personliga information de tillhandah\u00e5ller i sina anv\u00e4ndarprofiler. Alla anv\u00e4ndare kan se, redigera eller radera sin personliga information n\u00e4r som helst (f\u00f6rutom att de inte kan \u00e4ndra sitt anv\u00e4ndarnamn). Webbplatsadministrat\u00f6rer kan ocks\u00e5 se och redigera denna information.<\/p>\n\n\n\n<h2 class=\"gb-headline gb-headline-68d09e00 gb-headline-text\">Vilka r\u00e4ttigheter du har till dina uppgifter<\/h2>\n\n\n\n<p>Om du har ett konto p\u00e5 den h\u00e4r webbplatsen eller har l\u00e4mnat kommentarer kan du beg\u00e4ra en exporterad fil med den personliga information vi har om dig, inklusive all information du har l\u00e4mnat till oss. Du kan ocks\u00e5 beg\u00e4ra att vi raderar alla personuppgifter vi har. Detta inkluderar inte information som vi beh\u00f6ver beh\u00e5lla f\u00f6r administrativa, juridiska eller s\u00e4kerhets\u00e4ndam\u00e5l.<\/p>","protected":false},"excerpt":{"rendered":"<p>Keit\u00e4 me olemme Verkkosivustomme osoite on: https:\/\/smashroom.fi. Peruutuksia Ota meihin yhteytt\u00e4, jos haluat muokata varauksesi.Jos et p\u00e4\u00e4se paikalle, peruuta viimeist\u00e4\u00e4n 48 tuntia ennen p\u00e4iv\u00e4\u00e4.Pid\u00e4t\u00e4mme oikeuden laskuttaa sit\u00e4 v\u00e4hemm\u00e4n tai tapaamisp\u00e4iv\u00e4n\u00e4 peruutetuista tai peruuttamattomista ajoista.Sairaustodistus valtuutetulta l\u00e4\u00e4k\u00e4rilt\u00e4 otetaan vastaan \u200b\u200bperuutusmaksun v\u00e4ltt\u00e4miseksi. Kommentit Kun vierailijat j\u00e4tt\u00e4v\u00e4t kommentteja sivustolle, ker\u00e4\u00e4mme kommenttilomakkeessa n\u00e4kyv\u00e4t tiedot sek\u00e4 vierailijan IP-osoitteen ja selaimen &#8230; <a title=\"Sekretesspolicy\" class=\"read-more\" href=\"https:\/\/smashroom.fi\/sv\/privacy-policy\/\" aria-label=\"L\u00e4s mer om Tietosuojaseloste\">L\u00e4s mer<\/a><\/p>","protected":false},"author":1,"featured_media":0,"parent":0,"menu_order":0,"comment_status":"closed","ping_status":"closed","template":"","meta":{"_uag_custom_page_level_css":"","footnotes":""},"class_list":["post-3","page","type-page","status-publish"],"uagb_featured_image_src":{"full":false,"thumbnail":false,"medium":false,"medium_large":false,"large":false,"1536x1536":false,"2048x2048":false,"trp-custom-language-flag":false,"woocommerce_thumbnail":false,"woocommerce_single":false,"woocommerce_gallery_thumbnail":false},"uagb_author_info":{"display_name":"Smash room","author_link":"https:\/\/smashroom.fi\/sv\/author\/userkkdoo235\/"},"uagb_comment_info":0,"uagb_excerpt":"Keit\u00e4 me olemme Verkkosivustomme osoite on: https:\/\/smashroom.fi. Peruutuksia Ota meihin yhteytt\u00e4, jos haluat muokata varauksesi.Jos et p\u00e4\u00e4se paikalle, peruuta viimeist\u00e4\u00e4n 48 tuntia ennen p\u00e4iv\u00e4\u00e4.Pid\u00e4t\u00e4mme oikeuden laskuttaa sit\u00e4 v\u00e4hemm\u00e4n tai tapaamisp\u00e4iv\u00e4n\u00e4 peruutetuista tai peruuttamattomista ajoista.Sairaustodistus valtuutetulta l\u00e4\u00e4k\u00e4rilt\u00e4 otetaan vastaan \u200b\u200bperuutusmaksun v\u00e4ltt\u00e4miseksi. Kommentit Kun vierailijat j\u00e4tt\u00e4v\u00e4t kommentteja sivustolle, ker\u00e4\u00e4mme kommenttilomakkeessa n\u00e4kyv\u00e4t tiedot sek\u00e4 vierailijan IP-osoitteen ja selaimen&hellip;","_links":{"self":[{"href":"https:\/\/smashroom.fi\/sv\/wp-json\/wp\/v2\/pages\/3","targetHints":{"allow":["GET"]}}],"collection":[{"href":"https:\/\/smashroom.fi\/sv\/wp-json\/wp\/v2\/pages"}],"about":[{"href":"https:\/\/smashroom.fi\/sv\/wp-json\/wp\/v2\/types\/page"}],"author":[{"embeddable":true,"href":"https:\/\/smashroom.fi\/sv\/wp-json\/wp\/v2\/users\/1"}],"replies":[{"embeddable":true,"href":"https:\/\/smashroom.fi\/sv\/wp-json\/wp\/v2\/comments?post=3"}],"version-history":[{"count":4,"href":"https:\/\/smashroom.fi\/sv\/wp-json\/wp\/v2\/pages\/3\/revisions"}],"predecessor-version":[{"id":2052,"href":"https:\/\/smashroom.fi\/sv\/wp-json\/wp\/v2\/pages\/3\/revisions\/2052"}],"wp:attachment":[{"href":"https:\/\/smashroom.fi\/sv\/wp-json\/wp\/v2\/media?parent=3"}],"curies":[{"name":"wp","href":"https:\/\/api.w.org\/{rel}","templated":true}]}}