{"id":2956,"date":"2025-05-14T15:31:26","date_gmt":"2025-05-14T12:31:26","guid":{"rendered":"https:\/\/smashroom.fi\/?page_id=2956"},"modified":"2026-04-14T15:31:22","modified_gmt":"2026-04-14T12:31:22","slug":"vr-arena","status":"publish","type":"page","link":"https:\/\/smashroom.fi\/sv\/vr-arena\/","title":{"rendered":"VR Arena"},"content":{"rendered":"<div class=\"wp-block-uagb-container uagb-block-93898af8 alignfull uagb-is-root-container\"><div class=\"uagb-container-inner-blocks-wrap\">\n<div class=\"wp-block-group is-vertical is-layout-flex wp-container-core-group-is-layout-8cf370e7 wp-block-group-is-layout-flex\">\n<div class=\"wp-block-group is-vertical is-layout-flex wp-container-core-group-is-layout-8cf370e7 wp-block-group-is-layout-flex\">\n<div class=\"wp-block-uagb-advanced-heading uagb-block-86215e7d\"><h2 class=\"uagb-heading-text\"><strong>Battle Start VR Arena p\u00e5 Smash Room \u2013 Kom in i spelet<\/strong><\/h2><\/div>\n\n\n\n<p>Smash Room tar underh\u00e5llning till en ny niv\u00e5 med Battle Start VR \u2013 en VR-upplevelse med fritt spelande d\u00e4r hela kroppen fungerar som handkontroll. Inget struntprat. Oroa dig inte. Bara riktigt, uppslukande speluppl\u00e4gg.<\/p>\n\n\n\n<p><strong>Vad \u00e4r Battle Start VR?<\/strong><\/p>\n\n\n\n<p>Battle Start VR \u00e4r en avancerad virtual reality-arena designad f\u00f6r fullst\u00e4ndig fysisk r\u00f6relse. Du st\u00e5r inte still \u2013 i det h\u00e4r spelet g\u00e5r, undviker och duckar du runt p\u00e5 spelomr\u00e5det medan du b\u00e4r ett tr\u00e5dl\u00f6st VR-headset. Slutresultatet? En fullst\u00e4ndig k\u00e4nsla av frihet och n\u00e4rvaro i spelv\u00e4rlden.<\/p>\n\n\n\n<p><strong>Spel f\u00f6r alla<\/strong><\/p>\n\n\n\n<p>V\u00e5r VR-arena erbjuder olika upplevelser f\u00f6r spelare i alla \u00e5ldrar och niv\u00e5er:<\/p>\n\n\n\n<ul class=\"wp-block-list\">\n<li>Taktiska lagstrider \u2013 Samarbeta f\u00f6r att besegra dina motst\u00e5ndare med hj\u00e4lp av specialkarakt\u00e4rer och f\u00f6rm\u00e5gor.<\/li>\n\n\n\n<li>Familjev\u00e4nliga \u00e4ventyr \u2013 Roliga och f\u00e4rgglada v\u00e4rldar f\u00f6r \u00e5ldrarna 5 och upp\u00e5t.<\/li>\n\n\n\n<li>Sp\u00e4nnande utmaningar \u2013 T\u00e4vla i actionfyllda minispel och olika scenarier.<\/li>\n<\/ul>\n\n\n\n<p><strong>Varf\u00f6r du kommer att \u00e4lska det<\/strong><\/p>\n\n\n\n<ul class=\"wp-block-list\">\n<li>Fritt spelande \u2013 R\u00f6r dig fritt utan sladdar.<\/li>\n\n\n\n<li>Tr\u00e5dl\u00f6sa VR-glas\u00f6gon \u2013 Maximal f\u00f6rdjupning och komfort.<\/li>\n\n\n\n<li>Gruppkul \u2013 Perfekt f\u00f6r f\u00f6delsedagskalas, f\u00f6retagsevenemang och kompisg\u00e4ng.<\/li>\n\n\n\n<li>H\u00f6g omspelbarhet \u2013 Nya spel, l\u00e4gen och karakt\u00e4rer g\u00f6r varje genomspelning unik.<\/li>\n<\/ul>\n\n\n\n<p><strong>Arenainformation<\/strong><\/p>\n\n\n\n<p>V\u00e5r Battle Start VR-arena kan spelas med upp till 8 spelare samtidigt, vilket g\u00f6r den till det perfekta valet f\u00f6r grupper. Oavsett om du letar efter en t\u00e4vlingsinriktad anda eller utforskar nya v\u00e4rldar med v\u00e4nner, kommer du vilja komma tillbaka om och om igen.<\/p>\n<\/div>\n<\/div>\n\n\n\n<figure class=\"wp-block-gallery has-nested-images columns-default is-cropped wp-block-gallery-1 is-layout-flex wp-block-gallery-is-layout-flex\">\n<figure class=\"wp-block-image size-large\"><img loading=\"lazy\" decoding=\"async\" width=\"1024\" height=\"768\" data-id=\"3402\" src=\"https:\/\/smashroom.fi\/wp-content\/uploads\/2025\/09\/11835321-ad5c-4695-b0df-6af201d8c111-1024x768.jpeg\" alt=\"\" class=\"wp-image-3402\" srcset=\"https:\/\/smashroom.fi\/wp-content\/uploads\/2025\/09\/11835321-ad5c-4695-b0df-6af201d8c111-1024x768.jpeg 1024w, https:\/\/smashroom.fi\/wp-content\/uploads\/2025\/09\/11835321-ad5c-4695-b0df-6af201d8c111-300x225.jpeg 300w, https:\/\/smashroom.fi\/wp-content\/uploads\/2025\/09\/11835321-ad5c-4695-b0df-6af201d8c111-768x576.jpeg 768w, https:\/\/smashroom.fi\/wp-content\/uploads\/2025\/09\/11835321-ad5c-4695-b0df-6af201d8c111-1536x1152.jpeg 1536w, https:\/\/smashroom.fi\/wp-content\/uploads\/2025\/09\/11835321-ad5c-4695-b0df-6af201d8c111-16x12.jpeg 16w, https:\/\/smashroom.fi\/wp-content\/uploads\/2025\/09\/11835321-ad5c-4695-b0df-6af201d8c111.jpeg 1600w\" sizes=\"auto, (max-width: 1024px) 100vw, 1024px\" \/><\/figure>\n\n\n\n<figure class=\"wp-block-image size-large\"><img loading=\"lazy\" decoding=\"async\" width=\"768\" height=\"1024\" data-id=\"3404\" src=\"https:\/\/smashroom.fi\/wp-content\/uploads\/2025\/09\/e724426b-c5d5-4244-9ccd-d94325cdbd75-768x1024.jpeg\" alt=\"\" class=\"wp-image-3404\" srcset=\"https:\/\/smashroom.fi\/wp-content\/uploads\/2025\/09\/e724426b-c5d5-4244-9ccd-d94325cdbd75-768x1024.jpeg 768w, https:\/\/smashroom.fi\/wp-content\/uploads\/2025\/09\/e724426b-c5d5-4244-9ccd-d94325cdbd75-225x300.jpeg 225w, https:\/\/smashroom.fi\/wp-content\/uploads\/2025\/09\/e724426b-c5d5-4244-9ccd-d94325cdbd75-1152x1536.jpeg 1152w, https:\/\/smashroom.fi\/wp-content\/uploads\/2025\/09\/e724426b-c5d5-4244-9ccd-d94325cdbd75-9x12.jpeg 9w, https:\/\/smashroom.fi\/wp-content\/uploads\/2025\/09\/e724426b-c5d5-4244-9ccd-d94325cdbd75-300x400.jpeg 300w, https:\/\/smashroom.fi\/wp-content\/uploads\/2025\/09\/e724426b-c5d5-4244-9ccd-d94325cdbd75.jpeg 1200w\" sizes=\"auto, (max-width: 768px) 100vw, 768px\" \/><\/figure>\n\n\n\n<figure class=\"wp-block-image size-large\"><img loading=\"lazy\" decoding=\"async\" width=\"768\" height=\"1024\" data-id=\"3405\" src=\"https:\/\/smashroom.fi\/wp-content\/uploads\/2025\/09\/28ef1d0e-34cd-4e66-974b-5e7ae7d6ef37-768x1024.jpeg\" alt=\"\" class=\"wp-image-3405\" srcset=\"https:\/\/smashroom.fi\/wp-content\/uploads\/2025\/09\/28ef1d0e-34cd-4e66-974b-5e7ae7d6ef37-768x1024.jpeg 768w, https:\/\/smashroom.fi\/wp-content\/uploads\/2025\/09\/28ef1d0e-34cd-4e66-974b-5e7ae7d6ef37-225x300.jpeg 225w, https:\/\/smashroom.fi\/wp-content\/uploads\/2025\/09\/28ef1d0e-34cd-4e66-974b-5e7ae7d6ef37-1152x1536.jpeg 1152w, https:\/\/smashroom.fi\/wp-content\/uploads\/2025\/09\/28ef1d0e-34cd-4e66-974b-5e7ae7d6ef37-9x12.jpeg 9w, https:\/\/smashroom.fi\/wp-content\/uploads\/2025\/09\/28ef1d0e-34cd-4e66-974b-5e7ae7d6ef37-300x400.jpeg 300w, https:\/\/smashroom.fi\/wp-content\/uploads\/2025\/09\/28ef1d0e-34cd-4e66-974b-5e7ae7d6ef37.jpeg 1200w\" sizes=\"auto, (max-width: 768px) 100vw, 768px\" \/><\/figure>\n\n\n\n<figure class=\"wp-block-image size-large\"><img loading=\"lazy\" decoding=\"async\" width=\"768\" height=\"1024\" data-id=\"3406\" src=\"https:\/\/smashroom.fi\/wp-content\/uploads\/2025\/09\/f788bb83-365c-4e77-b8eb-4201b5e7d68c-768x1024.jpeg\" alt=\"\" class=\"wp-image-3406\" srcset=\"https:\/\/smashroom.fi\/wp-content\/uploads\/2025\/09\/f788bb83-365c-4e77-b8eb-4201b5e7d68c-768x1024.jpeg 768w, https:\/\/smashroom.fi\/wp-content\/uploads\/2025\/09\/f788bb83-365c-4e77-b8eb-4201b5e7d68c-225x300.jpeg 225w, https:\/\/smashroom.fi\/wp-content\/uploads\/2025\/09\/f788bb83-365c-4e77-b8eb-4201b5e7d68c-1152x1536.jpeg 1152w, https:\/\/smashroom.fi\/wp-content\/uploads\/2025\/09\/f788bb83-365c-4e77-b8eb-4201b5e7d68c-9x12.jpeg 9w, https:\/\/smashroom.fi\/wp-content\/uploads\/2025\/09\/f788bb83-365c-4e77-b8eb-4201b5e7d68c-300x400.jpeg 300w, https:\/\/smashroom.fi\/wp-content\/uploads\/2025\/09\/f788bb83-365c-4e77-b8eb-4201b5e7d68c.jpeg 1200w\" sizes=\"auto, (max-width: 768px) 100vw, 768px\" \/><\/figure>\n\n\n\n<figure class=\"wp-block-image size-large\"><img loading=\"lazy\" decoding=\"async\" width=\"768\" height=\"1024\" data-id=\"3407\" src=\"https:\/\/smashroom.fi\/wp-content\/uploads\/2025\/09\/6b35f79d-0fc3-45ad-a450-9494bab6acaa-768x1024.jpeg\" alt=\"\" class=\"wp-image-3407\" srcset=\"https:\/\/smashroom.fi\/wp-content\/uploads\/2025\/09\/6b35f79d-0fc3-45ad-a450-9494bab6acaa-768x1024.jpeg 768w, https:\/\/smashroom.fi\/wp-content\/uploads\/2025\/09\/6b35f79d-0fc3-45ad-a450-9494bab6acaa-225x300.jpeg 225w, https:\/\/smashroom.fi\/wp-content\/uploads\/2025\/09\/6b35f79d-0fc3-45ad-a450-9494bab6acaa-1152x1536.jpeg 1152w, https:\/\/smashroom.fi\/wp-content\/uploads\/2025\/09\/6b35f79d-0fc3-45ad-a450-9494bab6acaa-9x12.jpeg 9w, https:\/\/smashroom.fi\/wp-content\/uploads\/2025\/09\/6b35f79d-0fc3-45ad-a450-9494bab6acaa-300x400.jpeg 300w, https:\/\/smashroom.fi\/wp-content\/uploads\/2025\/09\/6b35f79d-0fc3-45ad-a450-9494bab6acaa.jpeg 1200w\" sizes=\"auto, (max-width: 768px) 100vw, 768px\" \/><\/figure>\n\n\n\n<figure class=\"wp-block-image size-large\"><img loading=\"lazy\" decoding=\"async\" width=\"768\" height=\"1024\" data-id=\"3408\" src=\"https:\/\/smashroom.fi\/wp-content\/uploads\/2025\/09\/fd103e01-c5b7-456a-a3b0-6a2e3736ae53-768x1024.jpeg\" alt=\"\" class=\"wp-image-3408\" srcset=\"https:\/\/smashroom.fi\/wp-content\/uploads\/2025\/09\/fd103e01-c5b7-456a-a3b0-6a2e3736ae53-768x1024.jpeg 768w, https:\/\/smashroom.fi\/wp-content\/uploads\/2025\/09\/fd103e01-c5b7-456a-a3b0-6a2e3736ae53-225x300.jpeg 225w, https:\/\/smashroom.fi\/wp-content\/uploads\/2025\/09\/fd103e01-c5b7-456a-a3b0-6a2e3736ae53-1152x1536.jpeg 1152w, https:\/\/smashroom.fi\/wp-content\/uploads\/2025\/09\/fd103e01-c5b7-456a-a3b0-6a2e3736ae53-9x12.jpeg 9w, https:\/\/smashroom.fi\/wp-content\/uploads\/2025\/09\/fd103e01-c5b7-456a-a3b0-6a2e3736ae53-300x400.jpeg 300w, https:\/\/smashroom.fi\/wp-content\/uploads\/2025\/09\/fd103e01-c5b7-456a-a3b0-6a2e3736ae53.jpeg 1200w\" sizes=\"auto, (max-width: 768px) 100vw, 768px\" \/><\/figure>\n\n\n\n<figure class=\"wp-block-image size-large\"><img loading=\"lazy\" decoding=\"async\" width=\"1024\" height=\"768\" data-id=\"3411\" src=\"https:\/\/smashroom.fi\/wp-content\/uploads\/2025\/09\/a4867a62-88a4-4384-9366-f70def7a4c51-1024x768.jpeg\" alt=\"\" class=\"wp-image-3411\" srcset=\"https:\/\/smashroom.fi\/wp-content\/uploads\/2025\/09\/a4867a62-88a4-4384-9366-f70def7a4c51-1024x768.jpeg 1024w, https:\/\/smashroom.fi\/wp-content\/uploads\/2025\/09\/a4867a62-88a4-4384-9366-f70def7a4c51-300x225.jpeg 300w, https:\/\/smashroom.fi\/wp-content\/uploads\/2025\/09\/a4867a62-88a4-4384-9366-f70def7a4c51-768x576.jpeg 768w, https:\/\/smashroom.fi\/wp-content\/uploads\/2025\/09\/a4867a62-88a4-4384-9366-f70def7a4c51-1536x1152.jpeg 1536w, https:\/\/smashroom.fi\/wp-content\/uploads\/2025\/09\/a4867a62-88a4-4384-9366-f70def7a4c51-16x12.jpeg 16w, https:\/\/smashroom.fi\/wp-content\/uploads\/2025\/09\/a4867a62-88a4-4384-9366-f70def7a4c51.jpeg 1600w\" sizes=\"auto, (max-width: 1024px) 100vw, 1024px\" \/><\/figure>\n\n\n\n<figure class=\"wp-block-image size-large\"><img loading=\"lazy\" decoding=\"async\" width=\"1024\" height=\"768\" data-id=\"3412\" src=\"https:\/\/smashroom.fi\/wp-content\/uploads\/2025\/09\/17258f79-bc29-4623-84af-c130463f41e0-1024x768.jpeg\" alt=\"\" class=\"wp-image-3412\" srcset=\"https:\/\/smashroom.fi\/wp-content\/uploads\/2025\/09\/17258f79-bc29-4623-84af-c130463f41e0-1024x768.jpeg 1024w, https:\/\/smashroom.fi\/wp-content\/uploads\/2025\/09\/17258f79-bc29-4623-84af-c130463f41e0-300x225.jpeg 300w, https:\/\/smashroom.fi\/wp-content\/uploads\/2025\/09\/17258f79-bc29-4623-84af-c130463f41e0-768x576.jpeg 768w, https:\/\/smashroom.fi\/wp-content\/uploads\/2025\/09\/17258f79-bc29-4623-84af-c130463f41e0-1536x1152.jpeg 1536w, https:\/\/smashroom.fi\/wp-content\/uploads\/2025\/09\/17258f79-bc29-4623-84af-c130463f41e0-16x12.jpeg 16w, https:\/\/smashroom.fi\/wp-content\/uploads\/2025\/09\/17258f79-bc29-4623-84af-c130463f41e0.jpeg 1600w\" sizes=\"auto, (max-width: 1024px) 100vw, 1024px\" \/><\/figure>\n<\/figure>\n\n\n\n<div class=\"wp-block-uagb-image uagb-block-9037407e wp-block-uagb-image--layout-default wp-block-uagb-image--effect-static wp-block-uagb-image--align-none\"><figure class=\"wp-block-uagb-image__figure\"><a class=\"\" href=\"https:\/\/smashroom.fi\/sv\/varaa-sessio\/\" target=\"\" rel=\"noopener\"><img decoding=\"async\" srcset=\"https:\/\/smashroom.fi\/wp-content\/uploads\/2025\/07\/Screenshot-2025-07-11-at-12.03.25-1024x409.png ,https:\/\/smashroom.fi\/wp-content\/uploads\/2025\/07\/Screenshot-2025-07-11-at-12.03.25-scaled.png 780w, https:\/\/smashroom.fi\/wp-content\/uploads\/2025\/07\/Screenshot-2025-07-11-at-12.03.25-scaled.png 360w\" sizes=\"auto, (max-width: 480px) 150px\" src=\"https:\/\/smashroom.fi\/wp-content\/uploads\/2025\/07\/Screenshot-2025-07-11-at-12.03.25-1024x409.png\" alt=\"\" class=\"uag-image-3043\" width=\"2440\" height=\"1028\" title=\"Screenshot 2025-07-11 at 12.03.25\" loading=\"lazy\" role=\"img\"\/><\/a><\/figure><\/div>\n\n\n\n<div class=\"wp-block-uagb-image uagb-block-38754eef wp-block-uagb-image--layout-default wp-block-uagb-image--effect-static wp-block-uagb-image--align-none\"><figure class=\"wp-block-uagb-image__figure\"><a class=\"\" href=\"https:\/\/youtu.be\/3GXTXZ2vEqg\" target=\"\" rel=\"noopener\"><img decoding=\"async\" srcset=\"https:\/\/smashroom.fi\/wp-content\/uploads\/2025\/07\/Screenshot-2025-07-11-at-11.37.42-1024x431.png ,https:\/\/smashroom.fi\/wp-content\/uploads\/2025\/07\/Screenshot-2025-07-11-at-11.37.42.png 780w, https:\/\/smashroom.fi\/wp-content\/uploads\/2025\/07\/Screenshot-2025-07-11-at-11.37.42.png 360w\" sizes=\"auto, (max-width: 480px) 150px\" src=\"https:\/\/smashroom.fi\/wp-content\/uploads\/2025\/07\/Screenshot-2025-07-11-at-11.37.42-1024x431.png\" alt=\"\" class=\"uag-image-3031\" width=\"2440\" height=\"1028\" title=\"Screenshot 2025-07-11 at 11.37.42\" loading=\"lazy\" role=\"img\"\/><\/a><\/figure><\/div>\n\n\n\n<div class=\"wp-block-uagb-image uagb-block-d7715dc3 wp-block-uagb-image--layout-default wp-block-uagb-image--effect-static wp-block-uagb-image--align-none\"><figure class=\"wp-block-uagb-image__figure\"><a class=\"\" href=\"https:\/\/youtu.be\/2lRhGX-YG8U?si=k_R_P_rsTlCLqxHe\" target=\"\" rel=\"noopener\"><img decoding=\"async\" srcset=\"https:\/\/smashroom.fi\/wp-content\/uploads\/2025\/07\/Screenshot-2025-07-11-at-11.38.24-1024x436.png ,https:\/\/smashroom.fi\/wp-content\/uploads\/2025\/07\/Screenshot-2025-07-11-at-11.38.24.png 780w, https:\/\/smashroom.fi\/wp-content\/uploads\/2025\/07\/Screenshot-2025-07-11-at-11.38.24.png 360w\" sizes=\"auto, (max-width: 480px) 150px\" src=\"https:\/\/smashroom.fi\/wp-content\/uploads\/2025\/07\/Screenshot-2025-07-11-at-11.38.24-1024x436.png\" alt=\"\" class=\"uag-image-3029\" width=\"2440\" height=\"1038\" title=\"Screenshot 2025-07-11 at 11.38.24\" loading=\"lazy\" role=\"img\"\/><\/a><\/figure><\/div>\n\n\n\n<div class=\"wp-block-uagb-image uagb-block-e67f723f wp-block-uagb-image--layout-default wp-block-uagb-image--effect-static wp-block-uagb-image--align-none\"><figure class=\"wp-block-uagb-image__figure\"><a class=\"\" href=\"https:\/\/youtu.be\/ZGI0spRXo-A\" target=\"\" rel=\"noopener\"><img decoding=\"async\" srcset=\"https:\/\/smashroom.fi\/wp-content\/uploads\/2025\/07\/Screenshot-2025-07-11-at-11.38.02-1024x440.png ,https:\/\/smashroom.fi\/wp-content\/uploads\/2025\/07\/Screenshot-2025-07-11-at-11.38.02.png 780w, https:\/\/smashroom.fi\/wp-content\/uploads\/2025\/07\/Screenshot-2025-07-11-at-11.38.02.png 360w\" sizes=\"auto, (max-width: 480px) 150px\" src=\"https:\/\/smashroom.fi\/wp-content\/uploads\/2025\/07\/Screenshot-2025-07-11-at-11.38.02-1024x440.png\" alt=\"\" class=\"uag-image-3030\" width=\"2440\" height=\"1048\" title=\"Screenshot 2025-07-11 at 11.38.02\" loading=\"lazy\" role=\"img\"\/><\/a><\/figure><\/div>\n\n\n<div class=\"wp-block-image is-style-rounded\">\n<figure class=\"aligncenter size-large is-resized\"><a href=\"https:\/\/youtu.be\/OXvWD-bIxys\"><img loading=\"lazy\" decoding=\"async\" width=\"1024\" height=\"758\" src=\"https:\/\/smashroom.fi\/wp-content\/uploads\/2026\/01\/WhatsApp-Image-2026-01-08-at-18.30.50-1024x758.jpeg\" alt=\"\" class=\"wp-image-3696\" style=\"width:2440px\" srcset=\"https:\/\/smashroom.fi\/wp-content\/uploads\/2026\/01\/WhatsApp-Image-2026-01-08-at-18.30.50-1024x758.jpeg 1024w, https:\/\/smashroom.fi\/wp-content\/uploads\/2026\/01\/WhatsApp-Image-2026-01-08-at-18.30.50-300x222.jpeg 300w, https:\/\/smashroom.fi\/wp-content\/uploads\/2026\/01\/WhatsApp-Image-2026-01-08-at-18.30.50-768x569.jpeg 768w, https:\/\/smashroom.fi\/wp-content\/uploads\/2026\/01\/WhatsApp-Image-2026-01-08-at-18.30.50-16x12.jpeg 16w, https:\/\/smashroom.fi\/wp-content\/uploads\/2026\/01\/WhatsApp-Image-2026-01-08-at-18.30.50.jpeg 1083w\" sizes=\"auto, (max-width: 1024px) 100vw, 1024px\" \/><\/a><\/figure>\n<\/div>\n\n\n<div class=\"wp-block-uagb-image uagb-block-8d304cbc wp-block-uagb-image--layout-default wp-block-uagb-image--effect-static wp-block-uagb-image--align-none\"><figure class=\"wp-block-uagb-image__figure\"><a class=\"\" href=\"https:\/\/youtu.be\/Wm0NHOiw2Pk\" target=\"\" rel=\"noopener\"><img decoding=\"async\" srcset=\"https:\/\/smashroom.fi\/wp-content\/uploads\/2025\/07\/Screenshot-2025-07-11-at-11.38.53-1024x431.png ,https:\/\/smashroom.fi\/wp-content\/uploads\/2025\/07\/Screenshot-2025-07-11-at-11.38.53.png 780w, https:\/\/smashroom.fi\/wp-content\/uploads\/2025\/07\/Screenshot-2025-07-11-at-11.38.53.png 360w\" sizes=\"auto, (max-width: 480px) 150px\" src=\"https:\/\/smashroom.fi\/wp-content\/uploads\/2025\/07\/Screenshot-2025-07-11-at-11.38.53-1024x431.png\" alt=\"\" class=\"uag-image-3028\" width=\"2440\" height=\"1028\" title=\"Screenshot 2025-07-11 at 11.38.53\" loading=\"lazy\" role=\"img\"\/><\/a><\/figure><\/div>\n\n\n\n<div class=\"wp-block-uagb-image uagb-block-090b3764 wp-block-uagb-image--layout-default wp-block-uagb-image--effect-static wp-block-uagb-image--align-none\"><figure class=\"wp-block-uagb-image__figure\"><a class=\"\" href=\"https:\/\/youtu.be\/im0SOWN6NPQ\" target=\"\" rel=\"noopener\"><img decoding=\"async\" srcset=\"https:\/\/smashroom.fi\/wp-content\/uploads\/2025\/07\/Screenshot-2025-07-11-at-11.39.06-1024x431.png ,https:\/\/smashroom.fi\/wp-content\/uploads\/2025\/07\/Screenshot-2025-07-11-at-11.39.06.png 780w, https:\/\/smashroom.fi\/wp-content\/uploads\/2025\/07\/Screenshot-2025-07-11-at-11.39.06.png 360w\" sizes=\"auto, (max-width: 480px) 150px\" src=\"https:\/\/smashroom.fi\/wp-content\/uploads\/2025\/07\/Screenshot-2025-07-11-at-11.39.06-1024x431.png\" alt=\"\" class=\"uag-image-3027\" width=\"2440\" height=\"1028\" title=\"Screenshot 2025-07-11 at 11.39.06\" loading=\"lazy\" role=\"img\"\/><\/a><\/figure><\/div>\n\n\n\n<div class=\"wp-block-uagb-image uagb-block-dc6de5fa wp-block-uagb-image--layout-default wp-block-uagb-image--effect-static wp-block-uagb-image--align-none\"><figure class=\"wp-block-uagb-image__figure\"><a class=\"\" href=\"https:\/\/youtu.be\/TWUj-O9h3JM?si=x6yPqMCClwwdjja1\" target=\"\" rel=\"noopener\"><img decoding=\"async\" srcset=\"https:\/\/smashroom.fi\/wp-content\/uploads\/2025\/07\/Screenshot-2025-07-11-at-11.39.32-1024x437.png ,https:\/\/smashroom.fi\/wp-content\/uploads\/2025\/07\/Screenshot-2025-07-11-at-11.39.32.png 780w, https:\/\/smashroom.fi\/wp-content\/uploads\/2025\/07\/Screenshot-2025-07-11-at-11.39.32.png 360w\" sizes=\"auto, (max-width: 480px) 150px\" src=\"https:\/\/smashroom.fi\/wp-content\/uploads\/2025\/07\/Screenshot-2025-07-11-at-11.39.32-1024x437.png\" alt=\"\" class=\"uag-image-3026\" width=\"2440\" height=\"1042\" title=\"Screenshot 2025-07-11 at 11.39.32\" loading=\"lazy\" role=\"img\"\/><\/a><\/figure><\/div>\n\n\n\n<figure class=\"wp-block-embed is-type-video is-provider-youtube wp-block-embed-youtube wp-embed-aspect-16-9 wp-has-aspect-ratio\"><div class=\"wp-block-embed__wrapper\">\n<iframe loading=\"lazy\" title=\"BATTLE START \u2014 Zombie Vegas: Ultimate VR Co-Op Experience | Gameplay\" width=\"1200\" height=\"675\" src=\"https:\/\/www.youtube.com\/embed\/QS3vrNxYfM8?feature=oembed\" frameborder=\"0\" allow=\"accelerometer; autoplay; clipboard-write; encrypted-media; gyroscope; picture-in-picture; web-share\" referrerpolicy=\"strict-origin-when-cross-origin\" allowfullscreen><\/iframe>\n<\/div><\/figure>\n<\/div><\/div>","protected":false},"excerpt":{"rendered":"<p>Battle Start VR Arena Smash Roomilla \u2013 Astu peliin Smash Room vie viihteen uudelle tasolle Battle Start VR:n avulla \u2013 huipputason free-roam moninpelattava VR-el\u00e4mys, jossa koko kehosi toimii ohjaimena. Ei johtoja. Ei rajoja. Vain aitoa, mukaansatempaavaa pelaamista. Mik\u00e4 on Battle Start VR? Battle Start VR on edistyksellinen virtuaalitodellisuusarena, joka on suunniteltu t\u00e4yteen fyysiseen liikkumiseen. Et &#8230; <a title=\"VR Arena\" class=\"read-more\" href=\"https:\/\/smashroom.fi\/sv\/vr-arena\/\" aria-label=\"L\u00e4s mer om VR Arena\">L\u00e4s mer<\/a><\/p>","protected":false},"author":1,"featured_media":0,"parent":0,"menu_order":0,"comment_status":"closed","ping_status":"closed","template":"","meta":{"_uag_custom_page_level_css":"","footnotes":""},"class_list":["post-2956","page","type-page","status-publish"],"uagb_featured_image_src":{"full":false,"thumbnail":false,"medium":false,"medium_large":false,"large":false,"1536x1536":false,"2048x2048":false,"trp-custom-language-flag":false,"woocommerce_thumbnail":false,"woocommerce_single":false,"woocommerce_gallery_thumbnail":false},"uagb_author_info":{"display_name":"Smash room","author_link":"https:\/\/smashroom.fi\/sv\/author\/userkkdoo235\/"},"uagb_comment_info":0,"uagb_excerpt":"Battle Start VR Arena Smash Roomilla \u2013 Astu peliin Smash Room vie viihteen uudelle tasolle Battle Start VR:n avulla \u2013 huipputason free-roam moninpelattava VR-el\u00e4mys, jossa koko kehosi toimii ohjaimena. Ei johtoja. Ei rajoja. Vain aitoa, mukaansatempaavaa pelaamista. Mik\u00e4 on Battle Start VR? Battle Start VR on edistyksellinen virtuaalitodellisuusarena, joka on suunniteltu t\u00e4yteen fyysiseen liikkumiseen. Et&hellip;","_links":{"self":[{"href":"https:\/\/smashroom.fi\/sv\/wp-json\/wp\/v2\/pages\/2956","targetHints":{"allow":["GET"]}}],"collection":[{"href":"https:\/\/smashroom.fi\/sv\/wp-json\/wp\/v2\/pages"}],"about":[{"href":"https:\/\/smashroom.fi\/sv\/wp-json\/wp\/v2\/types\/page"}],"author":[{"embeddable":true,"href":"https:\/\/smashroom.fi\/sv\/wp-json\/wp\/v2\/users\/1"}],"replies":[{"embeddable":true,"href":"https:\/\/smashroom.fi\/sv\/wp-json\/wp\/v2\/comments?post=2956"}],"version-history":[{"count":47,"href":"https:\/\/smashroom.fi\/sv\/wp-json\/wp\/v2\/pages\/2956\/revisions"}],"predecessor-version":[{"id":4016,"href":"https:\/\/smashroom.fi\/sv\/wp-json\/wp\/v2\/pages\/2956\/revisions\/4016"}],"wp:attachment":[{"href":"https:\/\/smashroom.fi\/sv\/wp-json\/wp\/v2\/media?parent=2956"}],"curies":[{"name":"wp","href":"https:\/\/api.w.org\/{rel}","templated":true}]}}