{"id":2266,"date":"2024-11-23T12:48:38","date_gmt":"2024-11-23T10:48:38","guid":{"rendered":"https:\/\/smashroom.fi\/?page_id=2266"},"modified":"2025-09-10T14:59:19","modified_gmt":"2025-09-10T11:59:19","slug":"kabinetti","status":"publish","type":"page","link":"https:\/\/smashroom.fi\/sv\/kabinetti\/","title":{"rendered":"Kabinett"},"content":{"rendered":"<p>Esitk\u00f6 ainutlaatuista, viihtyis\u00e4\u00e4 iskev\u00e4\u00e4 tilaa seuraavaan tapahtumaasi?<\/p>\n\n\n\n<p>Vi \u00e4r glada \u00f6ver att kunna erbjuda v\u00e5rt vackert designade grova fabriksstil som ett privat rum f\u00f6r dina speciella tillf\u00e4llen! Oavsett om det \u00e4r en liten fest, kreativ verkstad, tykyday eller liknande, \u00e4r detta utrymme perfekt f\u00f6r att f\u00f6rverkliga din vision.<\/p>\n\n\n\n<p>Vad ing\u00e5r:<\/p>\n\n\n\n<ul class=\"wp-block-list\">\n<li>Bekv\u00e4ma sittplatser f\u00f6r upp till 40 personer<\/li>\n\n\n\n<li>En grov och snygg anpassningsbar installation<\/li>\n\n\n\n<li>Wi-Fi<\/li>\n\n\n\n<li>Ljudsystem<\/li>\n\n\n\n<li>Catering alternativ<\/li>\n<\/ul>\n\n\n\n<p>L\u00e5t oss g\u00f6ra ditt evenemang of\u00f6rgl\u00f6mligt i ett utrymme som kan vara n\u00e4stan vad som helst.<br>Priser fr\u00e5n 300\u20ac.<\/p>\n\n\n\n<figure class=\"wp-block-gallery has-nested-images columns-4 is-cropped wp-block-gallery-1 is-layout-flex wp-block-gallery-is-layout-flex\">\n<figure class=\"wp-block-image size-large\"><img loading=\"lazy\" decoding=\"async\" width=\"1024\" height=\"768\" data-id=\"2738\" src=\"https:\/\/smashroom.fi\/wp-content\/uploads\/2025\/02\/IMG-20250219-WA0009-1024x768.jpg\" alt=\"\" class=\"wp-image-2738\" srcset=\"https:\/\/smashroom.fi\/wp-content\/uploads\/2025\/02\/IMG-20250219-WA0009-1024x768.jpg 1024w, https:\/\/smashroom.fi\/wp-content\/uploads\/2025\/02\/IMG-20250219-WA0009-300x225.jpg 300w, https:\/\/smashroom.fi\/wp-content\/uploads\/2025\/02\/IMG-20250219-WA0009-768x576.jpg 768w, https:\/\/smashroom.fi\/wp-content\/uploads\/2025\/02\/IMG-20250219-WA0009-1536x1152.jpg 1536w, https:\/\/smashroom.fi\/wp-content\/uploads\/2025\/02\/IMG-20250219-WA0009-16x12.jpg 16w, https:\/\/smashroom.fi\/wp-content\/uploads\/2025\/02\/IMG-20250219-WA0009.jpg 1600w\" sizes=\"auto, (max-width: 1024px) 100vw, 1024px\" \/><\/figure>\n\n\n\n<figure class=\"wp-block-image size-large\"><a href=\"https:\/\/smashroom.fi\/sv\/wild-west-arcade\/attachment\/18\/#main\"><img loading=\"lazy\" decoding=\"async\" width=\"1024\" height=\"683\" data-id=\"2776\" src=\"https:\/\/smashroom.fi\/wp-content\/uploads\/2025\/03\/18-1024x683.jpg\" alt=\"\" class=\"wp-image-2776\" srcset=\"https:\/\/smashroom.fi\/wp-content\/uploads\/2025\/03\/18-1024x683.jpg 1024w, https:\/\/smashroom.fi\/wp-content\/uploads\/2025\/03\/18-300x200.jpg 300w, https:\/\/smashroom.fi\/wp-content\/uploads\/2025\/03\/18-768x512.jpg 768w, https:\/\/smashroom.fi\/wp-content\/uploads\/2025\/03\/18-1536x1024.jpg 1536w, https:\/\/smashroom.fi\/wp-content\/uploads\/2025\/03\/18-2048x1365.jpg 2048w, https:\/\/smashroom.fi\/wp-content\/uploads\/2025\/03\/18-18x12.jpg 18w\" sizes=\"auto, (max-width: 1024px) 100vw, 1024px\" \/><\/a><\/figure>\n\n\n\n<figure class=\"wp-block-image size-large\"><a href=\"https:\/\/smashroom.fi\/sv\/wild-west-arcade\/attachment\/11\/#main\"><img loading=\"lazy\" decoding=\"async\" width=\"1024\" height=\"683\" data-id=\"2775\" src=\"https:\/\/smashroom.fi\/wp-content\/uploads\/2025\/03\/11-1024x683.jpg\" alt=\"\" class=\"wp-image-2775\" srcset=\"https:\/\/smashroom.fi\/wp-content\/uploads\/2025\/03\/11-1024x683.jpg 1024w, https:\/\/smashroom.fi\/wp-content\/uploads\/2025\/03\/11-300x200.jpg 300w, https:\/\/smashroom.fi\/wp-content\/uploads\/2025\/03\/11-768x512.jpg 768w, https:\/\/smashroom.fi\/wp-content\/uploads\/2025\/03\/11-1536x1024.jpg 1536w, https:\/\/smashroom.fi\/wp-content\/uploads\/2025\/03\/11-2048x1365.jpg 2048w, https:\/\/smashroom.fi\/wp-content\/uploads\/2025\/03\/11-18x12.jpg 18w\" sizes=\"auto, (max-width: 1024px) 100vw, 1024px\" \/><\/a><\/figure>\n\n\n\n<figure class=\"wp-block-image size-large\"><a href=\"https:\/\/smashroom.fi\/sv\/wild-west-arcade\/attachment\/9\/#main\"><img loading=\"lazy\" decoding=\"async\" width=\"1024\" height=\"661\" data-id=\"2772\" src=\"https:\/\/smashroom.fi\/wp-content\/uploads\/2025\/03\/9-1024x661.jpg\" alt=\"\" class=\"wp-image-2772\" srcset=\"https:\/\/smashroom.fi\/wp-content\/uploads\/2025\/03\/9-1024x661.jpg 1024w, https:\/\/smashroom.fi\/wp-content\/uploads\/2025\/03\/9-300x194.jpg 300w, https:\/\/smashroom.fi\/wp-content\/uploads\/2025\/03\/9-768x496.jpg 768w, https:\/\/smashroom.fi\/wp-content\/uploads\/2025\/03\/9-1536x992.jpg 1536w, https:\/\/smashroom.fi\/wp-content\/uploads\/2025\/03\/9-2048x1323.jpg 2048w, https:\/\/smashroom.fi\/wp-content\/uploads\/2025\/03\/9-18x12.jpg 18w\" sizes=\"auto, (max-width: 1024px) 100vw, 1024px\" \/><\/a><\/figure>\n\n\n\n<figure class=\"wp-block-image size-large\"><a href=\"https:\/\/smashroom.fi\/sv\/kabinetti\/whatsapp-bild-2024-11-23-kl-11-14-24_4388a5c7\/#main\"><img loading=\"lazy\" decoding=\"async\" width=\"1024\" height=\"768\" data-id=\"2271\" src=\"https:\/\/smashroom.fi\/wp-content\/uploads\/2024\/11\/WhatsApp-Bild-2024-11-23-kl.-11.14.24_4388a5c7-1024x768.jpg\" alt=\"\" class=\"wp-image-2271\" srcset=\"https:\/\/smashroom.fi\/wp-content\/uploads\/2024\/11\/WhatsApp-Bild-2024-11-23-kl.-11.14.24_4388a5c7-1024x768.jpg 1024w, https:\/\/smashroom.fi\/wp-content\/uploads\/2024\/11\/WhatsApp-Bild-2024-11-23-kl.-11.14.24_4388a5c7-300x225.jpg 300w, https:\/\/smashroom.fi\/wp-content\/uploads\/2024\/11\/WhatsApp-Bild-2024-11-23-kl.-11.14.24_4388a5c7-768x576.jpg 768w, https:\/\/smashroom.fi\/wp-content\/uploads\/2024\/11\/WhatsApp-Bild-2024-11-23-kl.-11.14.24_4388a5c7-1536x1152.jpg 1536w, https:\/\/smashroom.fi\/wp-content\/uploads\/2024\/11\/WhatsApp-Bild-2024-11-23-kl.-11.14.24_4388a5c7-16x12.jpg 16w, https:\/\/smashroom.fi\/wp-content\/uploads\/2024\/11\/WhatsApp-Bild-2024-11-23-kl.-11.14.24_4388a5c7.jpg 2048w\" sizes=\"auto, (max-width: 1024px) 100vw, 1024px\" \/><\/a><\/figure>\n\n\n\n<figure class=\"wp-block-image size-large\"><a href=\"https:\/\/smashroom.fi\/sv\/pelit-2\/attachment\/5\/#main\"><img loading=\"lazy\" decoding=\"async\" width=\"1024\" height=\"683\" data-id=\"2759\" src=\"https:\/\/smashroom.fi\/wp-content\/uploads\/2025\/03\/5-1024x683.jpg\" alt=\"\" class=\"wp-image-2759\" srcset=\"https:\/\/smashroom.fi\/wp-content\/uploads\/2025\/03\/5-1024x683.jpg 1024w, https:\/\/smashroom.fi\/wp-content\/uploads\/2025\/03\/5-300x200.jpg 300w, https:\/\/smashroom.fi\/wp-content\/uploads\/2025\/03\/5-768x512.jpg 768w, https:\/\/smashroom.fi\/wp-content\/uploads\/2025\/03\/5-1536x1024.jpg 1536w, https:\/\/smashroom.fi\/wp-content\/uploads\/2025\/03\/5-2048x1365.jpg 2048w, https:\/\/smashroom.fi\/wp-content\/uploads\/2025\/03\/5-18x12.jpg 18w\" sizes=\"auto, (max-width: 1024px) 100vw, 1024px\" \/><\/a><\/figure>\n\n\n\n<figure class=\"wp-block-image size-large\"><img loading=\"lazy\" decoding=\"async\" width=\"768\" height=\"1024\" data-id=\"3365\" src=\"https:\/\/smashroom.fi\/wp-content\/uploads\/2025\/09\/1abda94a-98e4-4906-8efb-4edc78c7ba2e-768x1024.jpeg\" alt=\"\" class=\"wp-image-3365\" srcset=\"https:\/\/smashroom.fi\/wp-content\/uploads\/2025\/09\/1abda94a-98e4-4906-8efb-4edc78c7ba2e-768x1024.jpeg 768w, https:\/\/smashroom.fi\/wp-content\/uploads\/2025\/09\/1abda94a-98e4-4906-8efb-4edc78c7ba2e-225x300.jpeg 225w, https:\/\/smashroom.fi\/wp-content\/uploads\/2025\/09\/1abda94a-98e4-4906-8efb-4edc78c7ba2e-1152x1536.jpeg 1152w, https:\/\/smashroom.fi\/wp-content\/uploads\/2025\/09\/1abda94a-98e4-4906-8efb-4edc78c7ba2e-9x12.jpeg 9w, https:\/\/smashroom.fi\/wp-content\/uploads\/2025\/09\/1abda94a-98e4-4906-8efb-4edc78c7ba2e-300x400.jpeg 300w, https:\/\/smashroom.fi\/wp-content\/uploads\/2025\/09\/1abda94a-98e4-4906-8efb-4edc78c7ba2e.jpeg 1200w\" sizes=\"auto, (max-width: 768px) 100vw, 768px\" \/><\/figure>\n<\/figure>","protected":false},"excerpt":{"rendered":"<p>Esitk\u00f6 ainutlaatuista, viihtyis\u00e4\u00e4 iskev\u00e4\u00e4 tilaa seuraavaan tapahtumaasi? Olemme innoissamme voidessamme tarjota kauniisti suunnitellut karkeat tehdastyyliset tilat yksityistilaisuutesi tilaisuuksiin! Olipa kyseess\u00e4 pieni juhla, luova ty\u00f6paja, tykyp\u00e4iv\u00e4 tai vastaava, t\u00e4m\u00e4 tila on t\u00e4ydellinen tuomaan visiosi eloon. Mit\u00e4 sis\u00e4ltyy: Tehd\u00e4\u00e4n tapahtumastasi unohtumaton tilassa, joka voi olla melkein mik\u00e4 tahansa.Hinnat alkaen 300\u20ac.<\/p>","protected":false},"author":1,"featured_media":0,"parent":0,"menu_order":0,"comment_status":"closed","ping_status":"closed","template":"","meta":{"_uag_custom_page_level_css":"","footnotes":""},"class_list":["post-2266","page","type-page","status-publish"],"uagb_featured_image_src":{"full":false,"thumbnail":false,"medium":false,"medium_large":false,"large":false,"1536x1536":false,"2048x2048":false,"trp-custom-language-flag":false,"woocommerce_thumbnail":false,"woocommerce_single":false,"woocommerce_gallery_thumbnail":false},"uagb_author_info":{"display_name":"Smash room","author_link":"https:\/\/smashroom.fi\/sv\/author\/userkkdoo235\/"},"uagb_comment_info":0,"uagb_excerpt":"Esitk\u00f6 ainutlaatuista, viihtyis\u00e4\u00e4 iskev\u00e4\u00e4 tilaa seuraavaan tapahtumaasi? Olemme innoissamme voidessamme tarjota kauniisti suunnitellut karkeat tehdastyyliset tilat yksityistilaisuutesi tilaisuuksiin! Olipa kyseess\u00e4 pieni juhla, luova ty\u00f6paja, tykyp\u00e4iv\u00e4 tai vastaava, t\u00e4m\u00e4 tila on t\u00e4ydellinen tuomaan visiosi eloon. Mit\u00e4 sis\u00e4ltyy: Tehd\u00e4\u00e4n tapahtumastasi unohtumaton tilassa, joka voi olla melkein mik\u00e4 tahansa.Hinnat alkaen 300\u20ac.","_links":{"self":[{"href":"https:\/\/smashroom.fi\/sv\/wp-json\/wp\/v2\/pages\/2266","targetHints":{"allow":["GET"]}}],"collection":[{"href":"https:\/\/smashroom.fi\/sv\/wp-json\/wp\/v2\/pages"}],"about":[{"href":"https:\/\/smashroom.fi\/sv\/wp-json\/wp\/v2\/types\/page"}],"author":[{"embeddable":true,"href":"https:\/\/smashroom.fi\/sv\/wp-json\/wp\/v2\/users\/1"}],"replies":[{"embeddable":true,"href":"https:\/\/smashroom.fi\/sv\/wp-json\/wp\/v2\/comments?post=2266"}],"version-history":[{"count":16,"href":"https:\/\/smashroom.fi\/sv\/wp-json\/wp\/v2\/pages\/2266\/revisions"}],"predecessor-version":[{"id":3366,"href":"https:\/\/smashroom.fi\/sv\/wp-json\/wp\/v2\/pages\/2266\/revisions\/3366"}],"wp:attachment":[{"href":"https:\/\/smashroom.fi\/sv\/wp-json\/wp\/v2\/media?parent=2266"}],"curies":[{"name":"wp","href":"https:\/\/api.w.org\/{rel}","templated":true}]}}