{"id":2094,"date":"2024-10-28T15:05:13","date_gmt":"2024-10-28T13:05:13","guid":{"rendered":"https:\/\/smashroom.fi\/?page_id=2094"},"modified":"2025-02-20T09:51:16","modified_gmt":"2025-02-20T07:51:16","slug":"tilat","status":"publish","type":"page","link":"https:\/\/smashroom.fi\/sv\/tilat\/","title":{"rendered":"Utrymmen"},"content":{"rendered":"<div class=\"wp-block-buttons is-layout-flex wp-block-buttons-is-layout-flex\">\n<div class=\"wp-block-button\" style=\"text-transform:uppercase\"><a class=\"wp-block-button__link wp-element-button\" href=\"https:\/\/smashroom.fi\/sv\/tilat\/\" style=\"border-radius:8px\">Allm\u00e4nna utrymmen<\/a><\/div>\n\n\n\n<div class=\"wp-block-button\" style=\"text-transform:uppercase\"><a class=\"wp-block-button__link wp-element-button\" href=\"https:\/\/smashroom.fi\/sv\/kabinetti\/\" style=\"border-radius:8px\">Kabinett<\/a><\/div>\n<\/div>\n\n\n\n<div style=\"height:34px\" aria-hidden=\"true\" class=\"wp-block-spacer\"><\/div>\n\n\n\n<p>V\u00e4lkommen till Smash Room.<br>Ett unikt utrymme i Vasa.<\/p>\n\n\n\n<p>D\u00e5 ni var sm\u00e5 fick ni s\u00e4kert l\u00e4ra er att inte sl\u00e5 eller s\u00f6ndra.<br>Hos oss \u00e4r det till\u00e5tet, och vi st\u00e4dar upp efter\u00e5t.<\/p>\n\n\n\n<p>Efter er session kan ni koppla av i v\u00e5r lounge med en kall dryck. Med eller utan alkohol.<\/p>\n\n\n\n<div style=\"height:50px\" aria-hidden=\"true\" class=\"wp-block-spacer\"><\/div>\n\n\n\n<figure class=\"wp-block-gallery has-nested-images columns-default is-cropped wp-block-gallery-1 is-layout-flex wp-block-gallery-is-layout-flex\">\n<figure class=\"wp-block-image size-large\"><a href=\"https:\/\/smashroom.fi\/wp-content\/uploads\/2024\/10\/IMG-20241030-WA0018.jpg\" target=\"_blank\" rel=\"noopener\"><img loading=\"lazy\" decoding=\"async\" width=\"1024\" height=\"709\" data-id=\"2160\" src=\"https:\/\/smashroom.fi\/wp-content\/uploads\/2024\/10\/IMG-20241030-WA0018-1024x709.jpg\" alt=\"\" class=\"wp-image-2160\" srcset=\"https:\/\/smashroom.fi\/wp-content\/uploads\/2024\/10\/IMG-20241030-WA0018-1024x709.jpg 1024w, https:\/\/smashroom.fi\/wp-content\/uploads\/2024\/10\/IMG-20241030-WA0018-300x208.jpg 300w, https:\/\/smashroom.fi\/wp-content\/uploads\/2024\/10\/IMG-20241030-WA0018-768x532.jpg 768w, https:\/\/smashroom.fi\/wp-content\/uploads\/2024\/10\/IMG-20241030-WA0018-1536x1064.jpg 1536w, https:\/\/smashroom.fi\/wp-content\/uploads\/2024\/10\/IMG-20241030-WA0018-18x12.jpg 18w, https:\/\/smashroom.fi\/wp-content\/uploads\/2024\/10\/IMG-20241030-WA0018.jpg 1600w\" sizes=\"auto, (max-width: 1024px) 100vw, 1024px\" \/><\/a><\/figure>\n\n\n\n<figure class=\"wp-block-image size-large\"><a href=\"https:\/\/smashroom.fi\/wp-content\/uploads\/2024\/10\/IMG-20241030-WA0025.jpg\" target=\"_blank\" rel=\"noopener\"><img loading=\"lazy\" decoding=\"async\" width=\"1024\" height=\"682\" data-id=\"2162\" src=\"https:\/\/smashroom.fi\/wp-content\/uploads\/2024\/10\/IMG-20241030-WA0025-1024x682.jpg\" alt=\"\" class=\"wp-image-2162\" srcset=\"https:\/\/smashroom.fi\/wp-content\/uploads\/2024\/10\/IMG-20241030-WA0025-1024x682.jpg 1024w, https:\/\/smashroom.fi\/wp-content\/uploads\/2024\/10\/IMG-20241030-WA0025-300x200.jpg 300w, https:\/\/smashroom.fi\/wp-content\/uploads\/2024\/10\/IMG-20241030-WA0025-768x512.jpg 768w, https:\/\/smashroom.fi\/wp-content\/uploads\/2024\/10\/IMG-20241030-WA0025-1536x1023.jpg 1536w, https:\/\/smashroom.fi\/wp-content\/uploads\/2024\/10\/IMG-20241030-WA0025-18x12.jpg 18w, https:\/\/smashroom.fi\/wp-content\/uploads\/2024\/10\/IMG-20241030-WA0025.jpg 1600w\" sizes=\"auto, (max-width: 1024px) 100vw, 1024px\" \/><\/a><\/figure>\n\n\n\n<figure class=\"wp-block-image size-large\"><a href=\"https:\/\/smashroom.fi\/wp-content\/uploads\/2024\/10\/IMG-20241030-WA0013.jpg\" target=\"_blank\" rel=\"noopener\"><img loading=\"lazy\" decoding=\"async\" width=\"1024\" height=\"671\" data-id=\"2152\" src=\"https:\/\/smashroom.fi\/wp-content\/uploads\/2024\/10\/IMG-20241030-WA0013-1024x671.jpg\" alt=\"\" class=\"wp-image-2152\" srcset=\"https:\/\/smashroom.fi\/wp-content\/uploads\/2024\/10\/IMG-20241030-WA0013-1024x671.jpg 1024w, https:\/\/smashroom.fi\/wp-content\/uploads\/2024\/10\/IMG-20241030-WA0013-300x197.jpg 300w, https:\/\/smashroom.fi\/wp-content\/uploads\/2024\/10\/IMG-20241030-WA0013-768x504.jpg 768w, https:\/\/smashroom.fi\/wp-content\/uploads\/2024\/10\/IMG-20241030-WA0013-1536x1007.jpg 1536w, https:\/\/smashroom.fi\/wp-content\/uploads\/2024\/10\/IMG-20241030-WA0013-18x12.jpg 18w, https:\/\/smashroom.fi\/wp-content\/uploads\/2024\/10\/IMG-20241030-WA0013.jpg 1600w\" sizes=\"auto, (max-width: 1024px) 100vw, 1024px\" \/><\/a><\/figure>\n\n\n\n<figure class=\"wp-block-image size-large\"><a href=\"https:\/\/smashroom.fi\/wp-content\/uploads\/2024\/10\/IMG-20241030-WA0017.jpg\" target=\"_blank\" rel=\"noopener\"><img loading=\"lazy\" decoding=\"async\" width=\"1024\" height=\"682\" data-id=\"2165\" src=\"https:\/\/smashroom.fi\/wp-content\/uploads\/2024\/10\/IMG-20241030-WA0017-1024x682.jpg\" alt=\"\" class=\"wp-image-2165\" srcset=\"https:\/\/smashroom.fi\/wp-content\/uploads\/2024\/10\/IMG-20241030-WA0017-1024x682.jpg 1024w, https:\/\/smashroom.fi\/wp-content\/uploads\/2024\/10\/IMG-20241030-WA0017-300x200.jpg 300w, https:\/\/smashroom.fi\/wp-content\/uploads\/2024\/10\/IMG-20241030-WA0017-768x512.jpg 768w, https:\/\/smashroom.fi\/wp-content\/uploads\/2024\/10\/IMG-20241030-WA0017-1536x1023.jpg 1536w, https:\/\/smashroom.fi\/wp-content\/uploads\/2024\/10\/IMG-20241030-WA0017-18x12.jpg 18w, https:\/\/smashroom.fi\/wp-content\/uploads\/2024\/10\/IMG-20241030-WA0017.jpg 1600w\" sizes=\"auto, (max-width: 1024px) 100vw, 1024px\" \/><\/a><\/figure>\n\n\n\n<figure class=\"wp-block-image size-large\"><a href=\"https:\/\/smashroom.fi\/wp-content\/uploads\/2024\/10\/IMG-20241030-WA0016.jpg\" target=\"_blank\" rel=\"noopener\"><img loading=\"lazy\" decoding=\"async\" width=\"1024\" height=\"682\" data-id=\"2154\" src=\"https:\/\/smashroom.fi\/wp-content\/uploads\/2024\/10\/IMG-20241030-WA0016-1024x682.jpg\" alt=\"\" class=\"wp-image-2154\" srcset=\"https:\/\/smashroom.fi\/wp-content\/uploads\/2024\/10\/IMG-20241030-WA0016-1024x682.jpg 1024w, https:\/\/smashroom.fi\/wp-content\/uploads\/2024\/10\/IMG-20241030-WA0016-300x200.jpg 300w, https:\/\/smashroom.fi\/wp-content\/uploads\/2024\/10\/IMG-20241030-WA0016-768x512.jpg 768w, https:\/\/smashroom.fi\/wp-content\/uploads\/2024\/10\/IMG-20241030-WA0016-1536x1023.jpg 1536w, https:\/\/smashroom.fi\/wp-content\/uploads\/2024\/10\/IMG-20241030-WA0016-18x12.jpg 18w, https:\/\/smashroom.fi\/wp-content\/uploads\/2024\/10\/IMG-20241030-WA0016.jpg 1600w\" sizes=\"auto, (max-width: 1024px) 100vw, 1024px\" \/><\/a><\/figure>\n\n\n\n<figure class=\"wp-block-image size-large\"><a href=\"https:\/\/smashroom.fi\/wp-content\/uploads\/2024\/10\/IMG-20241030-WA0020.jpg\" target=\"_blank\" rel=\"noopener\"><img loading=\"lazy\" decoding=\"async\" width=\"1024\" height=\"682\" data-id=\"2161\" src=\"https:\/\/smashroom.fi\/wp-content\/uploads\/2024\/10\/IMG-20241030-WA0020-1024x682.jpg\" alt=\"\" class=\"wp-image-2161\" srcset=\"https:\/\/smashroom.fi\/wp-content\/uploads\/2024\/10\/IMG-20241030-WA0020-1024x682.jpg 1024w, https:\/\/smashroom.fi\/wp-content\/uploads\/2024\/10\/IMG-20241030-WA0020-300x200.jpg 300w, https:\/\/smashroom.fi\/wp-content\/uploads\/2024\/10\/IMG-20241030-WA0020-768x512.jpg 768w, https:\/\/smashroom.fi\/wp-content\/uploads\/2024\/10\/IMG-20241030-WA0020-1536x1023.jpg 1536w, https:\/\/smashroom.fi\/wp-content\/uploads\/2024\/10\/IMG-20241030-WA0020-18x12.jpg 18w, https:\/\/smashroom.fi\/wp-content\/uploads\/2024\/10\/IMG-20241030-WA0020.jpg 1600w\" sizes=\"auto, (max-width: 1024px) 100vw, 1024px\" \/><\/a><\/figure>\n\n\n\n<figure class=\"wp-block-image size-large\"><a href=\"https:\/\/smashroom.fi\/wp-content\/uploads\/2024\/10\/IMG-20241030-WA0026.jpg\" target=\"_blank\" rel=\"noopener\"><img loading=\"lazy\" decoding=\"async\" width=\"1024\" height=\"682\" data-id=\"2164\" src=\"https:\/\/smashroom.fi\/wp-content\/uploads\/2024\/10\/IMG-20241030-WA0026-1024x682.jpg\" alt=\"\" class=\"wp-image-2164\" srcset=\"https:\/\/smashroom.fi\/wp-content\/uploads\/2024\/10\/IMG-20241030-WA0026-1024x682.jpg 1024w, https:\/\/smashroom.fi\/wp-content\/uploads\/2024\/10\/IMG-20241030-WA0026-300x200.jpg 300w, https:\/\/smashroom.fi\/wp-content\/uploads\/2024\/10\/IMG-20241030-WA0026-768x511.jpg 768w, https:\/\/smashroom.fi\/wp-content\/uploads\/2024\/10\/IMG-20241030-WA0026-1536x1022.jpg 1536w, https:\/\/smashroom.fi\/wp-content\/uploads\/2024\/10\/IMG-20241030-WA0026-18x12.jpg 18w, https:\/\/smashroom.fi\/wp-content\/uploads\/2024\/10\/IMG-20241030-WA0026.jpg 1600w\" sizes=\"auto, (max-width: 1024px) 100vw, 1024px\" \/><\/a><\/figure>\n\n\n\n<figure class=\"wp-block-image size-large\"><a href=\"https:\/\/smashroom.fi\/wp-content\/uploads\/2024\/10\/IMG-20241030-WA0014.jpg\" target=\"_blank\" rel=\"noopener\"><img loading=\"lazy\" decoding=\"async\" width=\"1024\" height=\"682\" data-id=\"2155\" src=\"https:\/\/smashroom.fi\/wp-content\/uploads\/2024\/10\/IMG-20241030-WA0014-1024x682.jpg\" alt=\"\" class=\"wp-image-2155\" srcset=\"https:\/\/smashroom.fi\/wp-content\/uploads\/2024\/10\/IMG-20241030-WA0014-1024x682.jpg 1024w, https:\/\/smashroom.fi\/wp-content\/uploads\/2024\/10\/IMG-20241030-WA0014-300x200.jpg 300w, https:\/\/smashroom.fi\/wp-content\/uploads\/2024\/10\/IMG-20241030-WA0014-768x512.jpg 768w, https:\/\/smashroom.fi\/wp-content\/uploads\/2024\/10\/IMG-20241030-WA0014-1536x1023.jpg 1536w, https:\/\/smashroom.fi\/wp-content\/uploads\/2024\/10\/IMG-20241030-WA0014-18x12.jpg 18w, https:\/\/smashroom.fi\/wp-content\/uploads\/2024\/10\/IMG-20241030-WA0014.jpg 1600w\" sizes=\"auto, (max-width: 1024px) 100vw, 1024px\" \/><\/a><\/figure>\n\n\n\n<figure class=\"wp-block-image size-large\"><a href=\"https:\/\/smashroom.fi\/wp-content\/uploads\/2024\/10\/IMG-20241030-WA0021.jpg\" target=\"_blank\" rel=\"noopener\"><img loading=\"lazy\" decoding=\"async\" width=\"1024\" height=\"682\" data-id=\"2157\" src=\"https:\/\/smashroom.fi\/wp-content\/uploads\/2024\/10\/IMG-20241030-WA0021-1024x682.jpg\" alt=\"\" class=\"wp-image-2157\" srcset=\"https:\/\/smashroom.fi\/wp-content\/uploads\/2024\/10\/IMG-20241030-WA0021-1024x682.jpg 1024w, https:\/\/smashroom.fi\/wp-content\/uploads\/2024\/10\/IMG-20241030-WA0021-300x200.jpg 300w, https:\/\/smashroom.fi\/wp-content\/uploads\/2024\/10\/IMG-20241030-WA0021-768x512.jpg 768w, https:\/\/smashroom.fi\/wp-content\/uploads\/2024\/10\/IMG-20241030-WA0021-1536x1023.jpg 1536w, https:\/\/smashroom.fi\/wp-content\/uploads\/2024\/10\/IMG-20241030-WA0021-18x12.jpg 18w, https:\/\/smashroom.fi\/wp-content\/uploads\/2024\/10\/IMG-20241030-WA0021.jpg 1600w\" sizes=\"auto, (max-width: 1024px) 100vw, 1024px\" \/><\/a><\/figure>\n\n\n\n<figure class=\"wp-block-image size-large\"><img loading=\"lazy\" decoding=\"async\" width=\"1024\" height=\"768\" data-id=\"2734\" src=\"https:\/\/smashroom.fi\/wp-content\/uploads\/2025\/02\/IMG-20250219-WA0006-1024x768.jpg\" alt=\"\" class=\"wp-image-2734\" srcset=\"https:\/\/smashroom.fi\/wp-content\/uploads\/2025\/02\/IMG-20250219-WA0006-1024x768.jpg 1024w, https:\/\/smashroom.fi\/wp-content\/uploads\/2025\/02\/IMG-20250219-WA0006-300x225.jpg 300w, https:\/\/smashroom.fi\/wp-content\/uploads\/2025\/02\/IMG-20250219-WA0006-768x576.jpg 768w, https:\/\/smashroom.fi\/wp-content\/uploads\/2025\/02\/IMG-20250219-WA0006-1536x1152.jpg 1536w, https:\/\/smashroom.fi\/wp-content\/uploads\/2025\/02\/IMG-20250219-WA0006-16x12.jpg 16w, https:\/\/smashroom.fi\/wp-content\/uploads\/2025\/02\/IMG-20250219-WA0006.jpg 1600w\" sizes=\"auto, (max-width: 1024px) 100vw, 1024px\" \/><\/figure>\n\n\n\n<figure class=\"wp-block-image size-large\"><img loading=\"lazy\" decoding=\"async\" width=\"1024\" height=\"768\" data-id=\"2735\" src=\"https:\/\/smashroom.fi\/wp-content\/uploads\/2025\/02\/IMG-20250219-WA0008-1024x768.jpg\" alt=\"\" class=\"wp-image-2735\" srcset=\"https:\/\/smashroom.fi\/wp-content\/uploads\/2025\/02\/IMG-20250219-WA0008-1024x768.jpg 1024w, https:\/\/smashroom.fi\/wp-content\/uploads\/2025\/02\/IMG-20250219-WA0008-300x225.jpg 300w, https:\/\/smashroom.fi\/wp-content\/uploads\/2025\/02\/IMG-20250219-WA0008-768x576.jpg 768w, https:\/\/smashroom.fi\/wp-content\/uploads\/2025\/02\/IMG-20250219-WA0008-1536x1152.jpg 1536w, https:\/\/smashroom.fi\/wp-content\/uploads\/2025\/02\/IMG-20250219-WA0008-16x12.jpg 16w, https:\/\/smashroom.fi\/wp-content\/uploads\/2025\/02\/IMG-20250219-WA0008.jpg 1600w\" sizes=\"auto, (max-width: 1024px) 100vw, 1024px\" \/><\/figure>\n<\/figure>","protected":false},"excerpt":{"rendered":"<p>Tervetuloa Smash Roomiin.Ainutlaatuinen tila Vaasassa. Kun olit pieni, sinua luultavasti opetettiin olemaan ly\u00f6m\u00e4tt\u00e4 tai rikkomatta asioita.Meill\u00e4 se on sallittua ja siivoamme sen j\u00e4lkeen. Istunnon j\u00e4lkeen voit rentoutua loungessamme kylm\u00e4n juoman kera. Alkoholin kanssa tai ilman.<\/p>","protected":false},"author":1,"featured_media":0,"parent":0,"menu_order":0,"comment_status":"closed","ping_status":"closed","template":"","meta":{"_uag_custom_page_level_css":"","footnotes":""},"class_list":["post-2094","page","type-page","status-publish"],"uagb_featured_image_src":{"full":false,"thumbnail":false,"medium":false,"medium_large":false,"large":false,"1536x1536":false,"2048x2048":false,"trp-custom-language-flag":false,"woocommerce_thumbnail":false,"woocommerce_single":false,"woocommerce_gallery_thumbnail":false},"uagb_author_info":{"display_name":"Smash room","author_link":"https:\/\/smashroom.fi\/sv\/author\/userkkdoo235\/"},"uagb_comment_info":0,"uagb_excerpt":"Tervetuloa Smash Roomiin.Ainutlaatuinen tila Vaasassa. Kun olit pieni, sinua luultavasti opetettiin olemaan ly\u00f6m\u00e4tt\u00e4 tai rikkomatta asioita.Meill\u00e4 se on sallittua ja siivoamme sen j\u00e4lkeen. Istunnon j\u00e4lkeen voit rentoutua loungessamme kylm\u00e4n juoman kera. Alkoholin kanssa tai ilman.","_links":{"self":[{"href":"https:\/\/smashroom.fi\/sv\/wp-json\/wp\/v2\/pages\/2094","targetHints":{"allow":["GET"]}}],"collection":[{"href":"https:\/\/smashroom.fi\/sv\/wp-json\/wp\/v2\/pages"}],"about":[{"href":"https:\/\/smashroom.fi\/sv\/wp-json\/wp\/v2\/types\/page"}],"author":[{"embeddable":true,"href":"https:\/\/smashroom.fi\/sv\/wp-json\/wp\/v2\/users\/1"}],"replies":[{"embeddable":true,"href":"https:\/\/smashroom.fi\/sv\/wp-json\/wp\/v2\/comments?post=2094"}],"version-history":[{"count":21,"href":"https:\/\/smashroom.fi\/sv\/wp-json\/wp\/v2\/pages\/2094\/revisions"}],"predecessor-version":[{"id":2736,"href":"https:\/\/smashroom.fi\/sv\/wp-json\/wp\/v2\/pages\/2094\/revisions\/2736"}],"wp:attachment":[{"href":"https:\/\/smashroom.fi\/sv\/wp-json\/wp\/v2\/media?parent=2094"}],"curies":[{"name":"wp","href":"https:\/\/api.w.org\/{rel}","templated":true}]}}