{"id":1510,"date":"2024-09-08T07:41:21","date_gmt":"2024-09-08T04:41:21","guid":{"rendered":"https:\/\/smashroom.fi\/?page_id=1510"},"modified":"2024-11-09T18:44:36","modified_gmt":"2024-11-09T16:44:36","slug":"disclaimer","status":"publish","type":"page","link":"https:\/\/smashroom.fi\/sv\/disclaimer\/","title":{"rendered":"Ansvarsfriskrivning"},"content":{"rendered":"<p>Smash Room \u00e4r en plats f\u00f6r att ha kul.<\/p>\n\n\n\n<p>Om du lider av aggressioner, s\u00f6k professionell r\u00e5dgivning. Smash Room \u00e4r ingen terapiform!<\/p>\n\n\n\n<p>Du g\u00e5r in i rummet p\u00e5 egen vilja och du \u00e4r medveten om riskerna med flygande glasbitar, metaller, plast mm.<\/p>\n\n\n\n<p>Du kommer v\u00e4l inte p\u00e5 plats berusad.<\/p>\n\n\n\n<p>I rummet finns tre bord f\u00f6r anv\u00e4ndning men om borden s\u00f6ndras f\u00f6r skojs skull s\u00e5 debiteras det 250\u20ac\/bord.<\/p>\n\n\n\n<p><\/p>","protected":false},"excerpt":{"rendered":"<p>Smash Room on paikka, jossa pidet\u00e4\u00e4n hauskaa. Jos k\u00e4rsit aggressiivisuudesta, hakeuduhan ammatilliseen neuvontaan. Smash Room ei ole terapian muoto! Astut huoneeseen omasta vapaasta tahdostasi ja olet tietoinen lent\u00e4v\u00e4n lasin, metallin, muovin jne. aiheuttamista vaaroista. Eth\u00e4n tule paikalle p\u00e4ihteiden alaisena. Huoneessa on k\u00e4yt\u00f6ss\u00e4 kolme p\u00f6yt\u00e4\u00e4, mutta jos p\u00f6yd\u00e4t rikotaan huvin vuoksi, veloitetaan 250\u20ac\/p\u00f6yt\u00e4.<\/p>","protected":false},"author":1,"featured_media":0,"parent":0,"menu_order":0,"comment_status":"closed","ping_status":"closed","template":"","meta":{"_uag_custom_page_level_css":"","footnotes":""},"class_list":["post-1510","page","type-page","status-publish"],"uagb_featured_image_src":{"full":false,"thumbnail":false,"medium":false,"medium_large":false,"large":false,"1536x1536":false,"2048x2048":false,"trp-custom-language-flag":false,"woocommerce_thumbnail":false,"woocommerce_single":false,"woocommerce_gallery_thumbnail":false},"uagb_author_info":{"display_name":"Smash room","author_link":"https:\/\/smashroom.fi\/sv\/author\/userkkdoo235\/"},"uagb_comment_info":0,"uagb_excerpt":"Smash Room on paikka, jossa pidet\u00e4\u00e4n hauskaa. Jos k\u00e4rsit aggressiivisuudesta, hakeuduhan ammatilliseen neuvontaan. Smash Room ei ole terapian muoto! Astut huoneeseen omasta vapaasta tahdostasi ja olet tietoinen lent\u00e4v\u00e4n lasin, metallin, muovin jne. aiheuttamista vaaroista. Eth\u00e4n tule paikalle p\u00e4ihteiden alaisena. Huoneessa on k\u00e4yt\u00f6ss\u00e4 kolme p\u00f6yt\u00e4\u00e4, mutta jos p\u00f6yd\u00e4t rikotaan huvin vuoksi, veloitetaan 250\u20ac\/p\u00f6yt\u00e4.","_links":{"self":[{"href":"https:\/\/smashroom.fi\/sv\/wp-json\/wp\/v2\/pages\/1510","targetHints":{"allow":["GET"]}}],"collection":[{"href":"https:\/\/smashroom.fi\/sv\/wp-json\/wp\/v2\/pages"}],"about":[{"href":"https:\/\/smashroom.fi\/sv\/wp-json\/wp\/v2\/types\/page"}],"author":[{"embeddable":true,"href":"https:\/\/smashroom.fi\/sv\/wp-json\/wp\/v2\/users\/1"}],"replies":[{"embeddable":true,"href":"https:\/\/smashroom.fi\/sv\/wp-json\/wp\/v2\/comments?post=1510"}],"version-history":[{"count":6,"href":"https:\/\/smashroom.fi\/sv\/wp-json\/wp\/v2\/pages\/1510\/revisions"}],"predecessor-version":[{"id":2177,"href":"https:\/\/smashroom.fi\/sv\/wp-json\/wp\/v2\/pages\/1510\/revisions\/2177"}],"wp:attachment":[{"href":"https:\/\/smashroom.fi\/sv\/wp-json\/wp\/v2\/media?parent=1510"}],"curies":[{"name":"wp","href":"https:\/\/api.w.org\/{rel}","templated":true}]}}