{"id":1506,"date":"2024-09-08T07:39:20","date_gmt":"2024-09-08T04:39:20","guid":{"rendered":"https:\/\/smashroom.fi\/?page_id=1506"},"modified":"2024-09-30T18:38:18","modified_gmt":"2024-09-30T15:38:18","slug":"donation","status":"publish","type":"page","link":"https:\/\/smashroom.fi\/sv\/donation\/","title":{"rendered":"Donationer"},"content":{"rendered":"<p class=\"translation-block\">Kyll\u00e4 SAA! Lahjoitukset ovat olennainen osa tarjoamiamme palveluita. Jos sinulla on vanhoja roskia, joista haluat p\u00e4\u00e4st\u00e4 eroon, soita <a href=\"tel:+44 222 444 1122\" target=\"_self\">+358 45 272 0118<\/a> tai l\u00e4het\u00e4 meille s\u00e4hk\u00f6postia osoitteeseen smash@smashroom.fi ja varaa ILMAINEN ker\u00e4ys.<\/p>\n\n\n\n<p>Du kan ocks\u00e5 h\u00e4mta varor till oss och l\u00e4mna utanf\u00f6r Smash Room vid Pohjologatan mittemot Bock\u00b4s.<\/p>\n\n\n\n<p>Vi tar emot allt som man man sl\u00e5 s\u00f6nder med ett basball tr\u00e4.<\/p>\n\n\n\n<p>T.ex. elektronik, glas, tallrikar, CD och LP skivor, prydnadsf\u00f6rem\u00e5l, tavelramar och liknande.<\/p>\n\n\n\n<p>De prylar ni t\u00e4nkt sl\u00e4nga bort f\u00e5r en sista livsl\u00e4ngd hos oss innan de f\u00f6rs sorterade till Stormossen.<\/p>\n\n\n\n<p>Vi tar inte emot n\u00e5got som kan utg\u00f6ra en s\u00e4kerhetsrisk f\u00f6r kunderna. Vanliga f\u00f6rem\u00e5l som inneh\u00e5ller farliga elektriska urladdningar och\/eller metaller och v\u00e4tskor inkluderar: mikrov\u00e5gsugnar, r\u00f6r-tv:n, gl\u00f6dlampor, termostater, luftbeh\u00e5llare och medicinsk utrustning.<\/p>","protected":false},"excerpt":{"rendered":"<p>Kyll\u00e4 SAA! Lahjoitukset ovat olennainen osa tarjoamiamme palveluita. Jos sinulla on vanhoja roskia, joista haluat p\u00e4\u00e4st\u00e4 eroon, soita +358 45 272 0118 tai l\u00e4het\u00e4 meille s\u00e4hk\u00f6postia osoitteeseen smash@smashroom.fi ja varaa ILMAINEN ker\u00e4ys. Voit my\u00f6s tuoda tavaroita meille ja j\u00e4tt\u00e4\u00e4 ne Smash Roomin ulkopuolelle Pohjologatanilla Bock&#8217;sia vastap\u00e4\u00e4t\u00e4. Otamme vastaan kaiken, mink\u00e4 voi murskata pes\u00e4pallomailalla. Esim. elektroniikkaa, &#8230; <a title=\"Donationer\" class=\"read-more\" href=\"https:\/\/smashroom.fi\/sv\/donation\/\" aria-label=\"L\u00e4s mer om Lahjoitukset\">L\u00e4s mer<\/a><\/p>","protected":false},"author":1,"featured_media":0,"parent":0,"menu_order":0,"comment_status":"closed","ping_status":"closed","template":"","meta":{"_uag_custom_page_level_css":"","footnotes":""},"class_list":["post-1506","page","type-page","status-publish"],"uagb_featured_image_src":{"full":false,"thumbnail":false,"medium":false,"medium_large":false,"large":false,"1536x1536":false,"2048x2048":false,"trp-custom-language-flag":false,"woocommerce_thumbnail":false,"woocommerce_single":false,"woocommerce_gallery_thumbnail":false},"uagb_author_info":{"display_name":"Smash room","author_link":"https:\/\/smashroom.fi\/sv\/author\/userkkdoo235\/"},"uagb_comment_info":0,"uagb_excerpt":"Kyll\u00e4 SAA! Lahjoitukset ovat olennainen osa tarjoamiamme palveluita. Jos sinulla on vanhoja roskia, joista haluat p\u00e4\u00e4st\u00e4 eroon, soita +358 45 272 0118 tai l\u00e4het\u00e4 meille s\u00e4hk\u00f6postia osoitteeseen smash@smashroom.fi ja varaa ILMAINEN ker\u00e4ys. Voit my\u00f6s tuoda tavaroita meille ja j\u00e4tt\u00e4\u00e4 ne Smash Roomin ulkopuolelle Pohjologatanilla Bock&#8217;sia vastap\u00e4\u00e4t\u00e4. Otamme vastaan kaiken, mink\u00e4 voi murskata pes\u00e4pallomailalla. Esim. elektroniikkaa,&hellip;","_links":{"self":[{"href":"https:\/\/smashroom.fi\/sv\/wp-json\/wp\/v2\/pages\/1506","targetHints":{"allow":["GET"]}}],"collection":[{"href":"https:\/\/smashroom.fi\/sv\/wp-json\/wp\/v2\/pages"}],"about":[{"href":"https:\/\/smashroom.fi\/sv\/wp-json\/wp\/v2\/types\/page"}],"author":[{"embeddable":true,"href":"https:\/\/smashroom.fi\/sv\/wp-json\/wp\/v2\/users\/1"}],"replies":[{"embeddable":true,"href":"https:\/\/smashroom.fi\/sv\/wp-json\/wp\/v2\/comments?post=1506"}],"version-history":[{"count":8,"href":"https:\/\/smashroom.fi\/sv\/wp-json\/wp\/v2\/pages\/1506\/revisions"}],"predecessor-version":[{"id":1938,"href":"https:\/\/smashroom.fi\/sv\/wp-json\/wp\/v2\/pages\/1506\/revisions\/1938"}],"wp:attachment":[{"href":"https:\/\/smashroom.fi\/sv\/wp-json\/wp\/v2\/media?parent=1506"}],"curies":[{"name":"wp","href":"https:\/\/api.w.org\/{rel}","templated":true}]}}