{"id":1504,"date":"2024-09-08T07:38:45","date_gmt":"2024-09-08T04:38:45","guid":{"rendered":"https:\/\/smashroom.fi\/?page_id=1504"},"modified":"2024-09-30T18:10:11","modified_gmt":"2024-09-30T15:10:11","slug":"recycling","status":"publish","type":"page","link":"https:\/\/smashroom.fi\/sv\/recycling\/","title":{"rendered":"\u00c5tervinning"},"content":{"rendered":"<p>P\u00e5 Smash Room \u00e4r vi engagerade i \u00e5tervinning. Vi sorterar och \u00e5tervinner noggrant materialet fr\u00e5n varje smash-session, f\u00f6r att s\u00e4kerst\u00e4lla att trasiga f\u00f6rem\u00e5l \u00e5tervinns p\u00e5 ett ansvarsfullt s\u00e4tt. Efter varje bes\u00f6k st\u00e4dar v\u00e5rt team noggrant upp och f\u00f6rbereder utrymmet f\u00f6r n\u00e4sta omg\u00e5ng, och uppr\u00e4tth\u00e5ller en s\u00e4ker och milj\u00f6v\u00e4nlig milj\u00f6. Vi str\u00e4var efter att f\u00f6rst\u00f6ra stress, inte planeten! &lt;3<\/p>\n\n\n\n<p><\/p>","protected":false},"excerpt":{"rendered":"<p>P\u00e5 Smash Room \u00e4r vi engagerade i \u00e5tervinning. Vi sorterar och \u00e5tervinner noggrant materialet fr\u00e5n varje smash-session, f\u00f6r att s\u00e4kerst\u00e4lla att trasiga f\u00f6rem\u00e5l \u00e5tervinns p\u00e5 ett ansvarsfullt s\u00e4tt. Efter varje bes\u00f6k st\u00e4dar v\u00e5rt team noggrant upp och f\u00f6rbereder utrymmet f\u00f6r n\u00e4sta omg\u00e5ng, och uppr\u00e4tth\u00e5ller en s\u00e4ker och milj\u00f6v\u00e4nlig milj\u00f6. Vi str\u00e4var efter att f\u00f6rst\u00f6ra stress, inte planeten! &lt;3<\/p>","protected":false},"author":1,"featured_media":0,"parent":0,"menu_order":0,"comment_status":"closed","ping_status":"closed","template":"","meta":{"_uag_custom_page_level_css":"","footnotes":""},"class_list":["post-1504","page","type-page","status-publish"],"uagb_featured_image_src":{"full":false,"thumbnail":false,"medium":false,"medium_large":false,"large":false,"1536x1536":false,"2048x2048":false,"trp-custom-language-flag":false,"woocommerce_thumbnail":false,"woocommerce_single":false,"woocommerce_gallery_thumbnail":false},"uagb_author_info":{"display_name":"Smash room","author_link":"https:\/\/smashroom.fi\/sv\/author\/userkkdoo235\/"},"uagb_comment_info":0,"uagb_excerpt":"Smash Roomissa olemme sitoutuneet kierr\u00e4tykseen. Lajittelemme ja kierr\u00e4t\u00e4mme huolellisesti jokaisesta smash-sessiosta saadut materiaalit varmistaaksemme, ett\u00e4 rikkin\u00e4iset esineet kierr\u00e4tet\u00e4\u00e4n vastuullisesti. Jokaisen k\u00e4ynnin j\u00e4lkeen tiimimme siivoaa ja valmistelee tilan huolellisesti seuraavaa kierrosta varten, mik\u00e4 yll\u00e4pit\u00e4\u00e4 turvallista ja ymp\u00e4rist\u00f6yst\u00e4v\u00e4llist\u00e4 ymp\u00e4rist\u00f6\u00e4. Tavoitteenamme on tuhota stressi, ei planeetta! &lt;3","_links":{"self":[{"href":"https:\/\/smashroom.fi\/sv\/wp-json\/wp\/v2\/pages\/1504","targetHints":{"allow":["GET"]}}],"collection":[{"href":"https:\/\/smashroom.fi\/sv\/wp-json\/wp\/v2\/pages"}],"about":[{"href":"https:\/\/smashroom.fi\/sv\/wp-json\/wp\/v2\/types\/page"}],"author":[{"embeddable":true,"href":"https:\/\/smashroom.fi\/sv\/wp-json\/wp\/v2\/users\/1"}],"replies":[{"embeddable":true,"href":"https:\/\/smashroom.fi\/sv\/wp-json\/wp\/v2\/comments?post=1504"}],"version-history":[{"count":7,"href":"https:\/\/smashroom.fi\/sv\/wp-json\/wp\/v2\/pages\/1504\/revisions"}],"predecessor-version":[{"id":1927,"href":"https:\/\/smashroom.fi\/sv\/wp-json\/wp\/v2\/pages\/1504\/revisions\/1927"}],"wp:attachment":[{"href":"https:\/\/smashroom.fi\/sv\/wp-json\/wp\/v2\/media?parent=1504"}],"curies":[{"name":"wp","href":"https:\/\/api.w.org\/{rel}","templated":true}]}}