{"id":3913,"date":"2026-03-25T07:31:09","date_gmt":"2026-03-25T05:31:09","guid":{"rendered":"https:\/\/smashroom.fi\/?page_id=3913"},"modified":"2026-03-25T08:12:23","modified_gmt":"2026-03-25T06:12:23","slug":"murder-mystery","status":"publish","type":"page","link":"https:\/\/smashroom.fi\/en\/murder-mystery\/","title":{"rendered":"Murder mystery"},"content":{"rendered":"<h2 class=\"wp-block-heading\">Murder Mystery in Smashroom!<\/h2>\n\n\n\n<p>Step into the role of a detective and tackle a mysterious case together with your team. Analyze evidence, investigate suspects and piece together the clues to find out what really happened.<\/p>\n\n\n\n<p>This is a social and interactive experience where teamwork, logical thinking and sharp analysis are the keys to solving the case.<\/p>\n\n\n\n<p>\ud83d\udd0d The experience<\/p>\n\n\n\n<p>\ud83d\udc65 2\u20138 players<br>\u23f1\ufe0f Time: 1.5\u20133 hours<br>\ud83e\udde0 Team-based detective experience<br>\ud83d\udcc2 Realistic material, clues and evidence<br>\ud83c\udf79 Drinks are available during the game<\/p>\n\n\n\n<p>No role-playing required \u2013 just focus, discussion and smart decisions.<\/p>\n\n\n\n<p>\ud83d\udca1 Perfect for<\/p>\n\n\n\n<p>Friends, dates, teams or anyone who likes mysteries and problem solving.<\/p>\n\n\n\n<p>\ud83d\udc49 Book your Murder Mystery and see if you can solve the case<\/p>\n\n\n\n<figure class=\"wp-block-gallery has-nested-images columns-default is-cropped wp-block-gallery-1 is-layout-flex wp-block-gallery-is-layout-flex\">\n<figure class=\"wp-block-image size-large\"><img loading=\"lazy\" decoding=\"async\" width=\"1024\" height=\"805\" data-id=\"3917\" src=\"https:\/\/smashroom.fi\/wp-content\/uploads\/2026\/03\/WhatsApp-Image-2026-03-24-at-13.58.29-1-1-1024x805.jpeg\" alt=\"\" class=\"wp-image-3917\" srcset=\"https:\/\/smashroom.fi\/wp-content\/uploads\/2026\/03\/WhatsApp-Image-2026-03-24-at-13.58.29-1-1-1024x805.jpeg 1024w, https:\/\/smashroom.fi\/wp-content\/uploads\/2026\/03\/WhatsApp-Image-2026-03-24-at-13.58.29-1-1-300x236.jpeg 300w, https:\/\/smashroom.fi\/wp-content\/uploads\/2026\/03\/WhatsApp-Image-2026-03-24-at-13.58.29-1-1-768x604.jpeg 768w, https:\/\/smashroom.fi\/wp-content\/uploads\/2026\/03\/WhatsApp-Image-2026-03-24-at-13.58.29-1-1-1536x1208.jpeg 1536w, https:\/\/smashroom.fi\/wp-content\/uploads\/2026\/03\/WhatsApp-Image-2026-03-24-at-13.58.29-1-1-15x12.jpeg 15w, https:\/\/smashroom.fi\/wp-content\/uploads\/2026\/03\/WhatsApp-Image-2026-03-24-at-13.58.29-1-1.jpeg 1600w\" sizes=\"auto, (max-width: 1024px) 100vw, 1024px\" \/><\/figure>\n\n\n\n<figure class=\"wp-block-image size-large\"><img loading=\"lazy\" decoding=\"async\" width=\"768\" height=\"1024\" data-id=\"3918\" src=\"https:\/\/smashroom.fi\/wp-content\/uploads\/2026\/03\/WhatsApp-Image-2026-03-24-at-13.58.29-768x1024.jpeg\" alt=\"\" class=\"wp-image-3918\" srcset=\"https:\/\/smashroom.fi\/wp-content\/uploads\/2026\/03\/WhatsApp-Image-2026-03-24-at-13.58.29-768x1024.jpeg 768w, https:\/\/smashroom.fi\/wp-content\/uploads\/2026\/03\/WhatsApp-Image-2026-03-24-at-13.58.29-225x300.jpeg 225w, https:\/\/smashroom.fi\/wp-content\/uploads\/2026\/03\/WhatsApp-Image-2026-03-24-at-13.58.29-1152x1536.jpeg 1152w, https:\/\/smashroom.fi\/wp-content\/uploads\/2026\/03\/WhatsApp-Image-2026-03-24-at-13.58.29-9x12.jpeg 9w, https:\/\/smashroom.fi\/wp-content\/uploads\/2026\/03\/WhatsApp-Image-2026-03-24-at-13.58.29-300x400.jpeg 300w, https:\/\/smashroom.fi\/wp-content\/uploads\/2026\/03\/WhatsApp-Image-2026-03-24-at-13.58.29.jpeg 1200w\" sizes=\"auto, (max-width: 768px) 100vw, 768px\" \/><\/figure>\n<\/figure>","protected":false},"excerpt":{"rendered":"<p>Murder Mystery Smashroomilla! Astukaa etsiv\u00e4n rooliin ja ottakaa yhdess\u00e4 vastaan mystinen rikostapaus. Tutkikaa aitoa todistusaineistoa, analysoikaa ep\u00e4iltyj\u00e4 ja yhdist\u00e4k\u00e4\u00e4 vihjeet selvitt\u00e4\u00e4ksenne, mit\u00e4 todella tapahtui. T\u00e4m\u00e4 on sosiaalinen ja vuorovaikutteinen kokemus, jossa tiimity\u00f6, looginen ajattelu ja tarkka havainnointi ratkaisevat. &#x1f50d; Kokemus &#x1f465; 2\u20138 pelaajaa&#x23f1;&#xfe0f; Kesto: 1,5\u20133 tuntia&#x1f9e0; Tiimipohjainen rikostutkinta&#x1f4c2; Aitoja case-materiaaleja, vihjeit\u00e4 ja todisteita&#x1f379; Juomia saatavilla &#8230; <a title=\"Murder mystery\" class=\"read-more\" href=\"https:\/\/smashroom.fi\/en\/murder-mystery\/\" aria-label=\"Read more about Murder mystery\">Read more<\/a><\/p>","protected":false},"author":1,"featured_media":0,"parent":0,"menu_order":0,"comment_status":"closed","ping_status":"closed","template":"","meta":{"_uag_custom_page_level_css":"","footnotes":""},"class_list":["post-3913","page","type-page","status-publish"],"uagb_featured_image_src":{"full":false,"thumbnail":false,"medium":false,"medium_large":false,"large":false,"1536x1536":false,"2048x2048":false,"trp-custom-language-flag":false,"woocommerce_thumbnail":false,"woocommerce_single":false,"woocommerce_gallery_thumbnail":false},"uagb_author_info":{"display_name":"Smash room","author_link":"https:\/\/smashroom.fi\/en\/author\/userkkdoo235\/"},"uagb_comment_info":0,"uagb_excerpt":"Murder Mystery Smashroomilla! Astukaa etsiv\u00e4n rooliin ja ottakaa yhdess\u00e4 vastaan mystinen rikostapaus. Tutkikaa aitoa todistusaineistoa, analysoikaa ep\u00e4iltyj\u00e4 ja yhdist\u00e4k\u00e4\u00e4 vihjeet selvitt\u00e4\u00e4ksenne, mit\u00e4 todella tapahtui. T\u00e4m\u00e4 on sosiaalinen ja vuorovaikutteinen kokemus, jossa tiimity\u00f6, looginen ajattelu ja tarkka havainnointi ratkaisevat. &#x1f50d; Kokemus &#x1f465; 2\u20138 pelaajaa&#x23f1;&#xfe0f; Kesto: 1,5\u20133 tuntia&#x1f9e0; Tiimipohjainen rikostutkinta&#x1f4c2; Aitoja case-materiaaleja, vihjeit\u00e4 ja todisteita&#x1f379; Juomia saatavilla&hellip;","_links":{"self":[{"href":"https:\/\/smashroom.fi\/en\/wp-json\/wp\/v2\/pages\/3913","targetHints":{"allow":["GET"]}}],"collection":[{"href":"https:\/\/smashroom.fi\/en\/wp-json\/wp\/v2\/pages"}],"about":[{"href":"https:\/\/smashroom.fi\/en\/wp-json\/wp\/v2\/types\/page"}],"author":[{"embeddable":true,"href":"https:\/\/smashroom.fi\/en\/wp-json\/wp\/v2\/users\/1"}],"replies":[{"embeddable":true,"href":"https:\/\/smashroom.fi\/en\/wp-json\/wp\/v2\/comments?post=3913"}],"version-history":[{"count":6,"href":"https:\/\/smashroom.fi\/en\/wp-json\/wp\/v2\/pages\/3913\/revisions"}],"predecessor-version":[{"id":3925,"href":"https:\/\/smashroom.fi\/en\/wp-json\/wp\/v2\/pages\/3913\/revisions\/3925"}],"wp:attachment":[{"href":"https:\/\/smashroom.fi\/en\/wp-json\/wp\/v2\/media?parent=3913"}],"curies":[{"name":"wp","href":"https:\/\/api.w.org\/{rel}","templated":true}]}}