{"id":3,"date":"2024-08-31T06:26:28","date_gmt":"2024-08-31T06:26:28","guid":{"rendered":"https:\/\/smashroom.fi\/?page_id=3"},"modified":"2024-10-07T17:00:27","modified_gmt":"2024-10-07T14:00:27","slug":"privacy-policy","status":"publish","type":"page","link":"https:\/\/smashroom.fi\/en\/privacy-policy\/","title":{"rendered":"Privacy statement"},"content":{"rendered":"<h2 class=\"wp-block-heading\">Who we are<\/h2>\n\n\n\n<p>The address of our website is: https:\/\/smashroom.fi.<\/p>\n\n\n\n<h2 class=\"gb-headline gb-headline-fe4fb49d gb-headline-text\">Cancellations<\/h2>\n\n\n\n<p class=\"translation-block\">Contact us if you want to modify your reservation.<br>If you cannot attend, cancel no later than 48 hours before the date.<br>We reserve the right to charge less than that or for appointments canceled or not canceled on the day of the appointment.<br>A medical certificate from an authorized doctor is accepted for the cancellation fee to avoid.<\/p>\n\n\n\n<h2 class=\"gb-headline gb-headline-fe4fb49d gb-headline-text\">Comments<\/h2>\n\n\n\n<p>When visitors leave comments on the site, we collect the information displayed in the comment form, as well as the visitor's IP address and browser user agent queue to facilitate spam identification.<\/p>\n\n\n\n<p>An anonymized string (also called a hash) generated from your email address can be submitted to Gravatar to see if you use it. The Privacy Policy for the Gravatar service is available here: https:\/\/automattic.com\/privacy\/. Once your comment has been approved, your profile picture will appear publicly with your comment.<\/p>\n\n\n\n<h2 class=\"gb-headline gb-headline-dd49139e gb-headline-text\">Cookies<\/h2>\n\n\n\n<p>If you leave a comment on our site, you can optionally save your name, email address and website in cookies. These are for your convenience so that you don't have to fill in your information again when you leave another comment. These cookies are stored for one year.<\/p>\n\n\n\n<p>If you visit our login page, we set a temporary cookie to determine if your browser accepts cookies. This cookie does not contain personal information and is discarded when you close your browser.<\/p>\n\n\n\n<p>Kun kirjaudut sis\u00e4\u00e4n, asetamme my\u00f6s useita ev\u00e4steit\u00e4 tallentaaksemme kirjautumistietosi ja n\u00e4yt\u00f6n valintasi. Kirjautumisev\u00e4steet kest\u00e4v\u00e4t kaksi p\u00e4iv\u00e4\u00e4 ja n\u00e4ytt\u00f6asetusev\u00e4steet vuoden. Jos valitset &#8221;Muista minut&#8221;, kirjautumisesi s\u00e4ilyy kaksi viikkoa. Jos kirjaudut ulos tililt\u00e4si, kirjautumisev\u00e4steet poistetaan.<\/p>\n\n\n\n<p>If you edit or publish an article, an additional cookie is stored in your browser. This cookie contains no personal information and simply indicates the message ID of the article you just edited. It will expire after 1 day.<\/p>\n\n\n\n<h2 class=\"gb-headline gb-headline-740c9556 gb-headline-text\">Embedded content from other websites<\/h2>\n\n\n\n<p>Articles on this site may contain embedded content (eg videos, images, articles, etc.). Embedded content on other websites behaves exactly as if the visitor had visited another website.<\/p>\n\n\n\n<p>These websites may collect information about you, use cookies, embed additional third-party tracking, and track your interactions with embedded content, including your interactions with embedded content if you have an account and are logged in to that website.<\/p>\n\n\n\n<h2 class=\"gb-headline gb-headline-b115b1b6 gb-headline-text\">Who we share your information with<\/h2>\n\n\n\n<p>If you request a password change, your IP address will be included in the recovery message.<\/p>\n\n\n\n<h2 class=\"gb-headline gb-headline-a3962839 gb-headline-text\">How long we keep your data<\/h2>\n\n\n\n<p>If you leave a comment, the comment and its metadata will be stored indefinitely. This allows us to automatically identify and approve all follow-up comments instead of holding them in a review queue.<\/p>\n\n\n\n<p>For users who register on our website (if any), we also store the personal information they provide in their user profiles. All users can see, edit or delete their personal information at any time (except they cannot change their username). Website administrators can also see and edit this information.<\/p>\n\n\n\n<h2 class=\"gb-headline gb-headline-68d09e00 gb-headline-text\">What rights you have to your data<\/h2>\n\n\n\n<p>If you have an account on this site or have left comments, you can request an exported file of the personal information we hold about you, including any information you have provided to us. You can also request that we delete any personal data we hold. This does not include information that we need to retain for administrative, legal or security purposes.<\/p>","protected":false},"excerpt":{"rendered":"<p>Keit\u00e4 me olemme Verkkosivustomme osoite on: https:\/\/smashroom.fi. Peruutuksia Ota meihin yhteytt\u00e4, jos haluat muokata varauksesi.Jos et p\u00e4\u00e4se paikalle, peruuta viimeist\u00e4\u00e4n 48 tuntia ennen p\u00e4iv\u00e4\u00e4.Pid\u00e4t\u00e4mme oikeuden laskuttaa sit\u00e4 v\u00e4hemm\u00e4n tai tapaamisp\u00e4iv\u00e4n\u00e4 peruutetuista tai peruuttamattomista ajoista.Sairaustodistus valtuutetulta l\u00e4\u00e4k\u00e4rilt\u00e4 otetaan vastaan \u200b\u200bperuutusmaksun v\u00e4ltt\u00e4miseksi. Kommentit Kun vierailijat j\u00e4tt\u00e4v\u00e4t kommentteja sivustolle, ker\u00e4\u00e4mme kommenttilomakkeessa n\u00e4kyv\u00e4t tiedot sek\u00e4 vierailijan IP-osoitteen ja selaimen &#8230; <a title=\"Privacy statement\" class=\"read-more\" href=\"https:\/\/smashroom.fi\/en\/privacy-policy\/\" aria-label=\"Read more about Tietosuojaseloste\">Read more<\/a><\/p>","protected":false},"author":1,"featured_media":0,"parent":0,"menu_order":0,"comment_status":"closed","ping_status":"closed","template":"","meta":{"_uag_custom_page_level_css":"","footnotes":""},"class_list":["post-3","page","type-page","status-publish"],"uagb_featured_image_src":{"full":false,"thumbnail":false,"medium":false,"medium_large":false,"large":false,"1536x1536":false,"2048x2048":false,"trp-custom-language-flag":false,"woocommerce_thumbnail":false,"woocommerce_single":false,"woocommerce_gallery_thumbnail":false},"uagb_author_info":{"display_name":"Smash room","author_link":"https:\/\/smashroom.fi\/en\/author\/userkkdoo235\/"},"uagb_comment_info":0,"uagb_excerpt":"Keit\u00e4 me olemme Verkkosivustomme osoite on: https:\/\/smashroom.fi. Peruutuksia Ota meihin yhteytt\u00e4, jos haluat muokata varauksesi.Jos et p\u00e4\u00e4se paikalle, peruuta viimeist\u00e4\u00e4n 48 tuntia ennen p\u00e4iv\u00e4\u00e4.Pid\u00e4t\u00e4mme oikeuden laskuttaa sit\u00e4 v\u00e4hemm\u00e4n tai tapaamisp\u00e4iv\u00e4n\u00e4 peruutetuista tai peruuttamattomista ajoista.Sairaustodistus valtuutetulta l\u00e4\u00e4k\u00e4rilt\u00e4 otetaan vastaan \u200b\u200bperuutusmaksun v\u00e4ltt\u00e4miseksi. Kommentit Kun vierailijat j\u00e4tt\u00e4v\u00e4t kommentteja sivustolle, ker\u00e4\u00e4mme kommenttilomakkeessa n\u00e4kyv\u00e4t tiedot sek\u00e4 vierailijan IP-osoitteen ja selaimen&hellip;","_links":{"self":[{"href":"https:\/\/smashroom.fi\/en\/wp-json\/wp\/v2\/pages\/3","targetHints":{"allow":["GET"]}}],"collection":[{"href":"https:\/\/smashroom.fi\/en\/wp-json\/wp\/v2\/pages"}],"about":[{"href":"https:\/\/smashroom.fi\/en\/wp-json\/wp\/v2\/types\/page"}],"author":[{"embeddable":true,"href":"https:\/\/smashroom.fi\/en\/wp-json\/wp\/v2\/users\/1"}],"replies":[{"embeddable":true,"href":"https:\/\/smashroom.fi\/en\/wp-json\/wp\/v2\/comments?post=3"}],"version-history":[{"count":4,"href":"https:\/\/smashroom.fi\/en\/wp-json\/wp\/v2\/pages\/3\/revisions"}],"predecessor-version":[{"id":2052,"href":"https:\/\/smashroom.fi\/en\/wp-json\/wp\/v2\/pages\/3\/revisions\/2052"}],"wp:attachment":[{"href":"https:\/\/smashroom.fi\/en\/wp-json\/wp\/v2\/media?parent=3"}],"curies":[{"name":"wp","href":"https:\/\/api.w.org\/{rel}","templated":true}]}}