{"id":2818,"date":"2025-04-02T20:45:18","date_gmt":"2025-04-02T17:45:18","guid":{"rendered":"https:\/\/smashroom.fi\/?page_id=2818"},"modified":"2025-09-24T08:17:23","modified_gmt":"2025-09-24T05:17:23","slug":"lasten-parkkipaikka","status":"publish","type":"page","link":"https:\/\/smashroom.fi\/en\/lasten-parkkipaikka\/","title":{"rendered":"Child parking"},"content":{"rendered":"<p><strong>Dinner for You, Fun for the Kids!<\/strong><\/p>\n\n\n<div class=\"wp-block-image is-style-default\">\n<figure class=\"alignright size-large is-resized\"><img loading=\"lazy\" decoding=\"async\" width=\"1024\" height=\"768\" src=\"https:\/\/smashroom.fi\/wp-content\/uploads\/2025\/02\/IMG-20250219-WA0005-1-1024x768.jpg\" alt=\"\" class=\"wp-image-2737\" style=\"width:352px;height:auto\" srcset=\"https:\/\/smashroom.fi\/wp-content\/uploads\/2025\/02\/IMG-20250219-WA0005-1-1024x768.jpg 1024w, https:\/\/smashroom.fi\/wp-content\/uploads\/2025\/02\/IMG-20250219-WA0005-1-300x225.jpg 300w, https:\/\/smashroom.fi\/wp-content\/uploads\/2025\/02\/IMG-20250219-WA0005-1-768x576.jpg 768w, https:\/\/smashroom.fi\/wp-content\/uploads\/2025\/02\/IMG-20250219-WA0005-1-1536x1152.jpg 1536w, https:\/\/smashroom.fi\/wp-content\/uploads\/2025\/02\/IMG-20250219-WA0005-1-16x12.jpg 16w, https:\/\/smashroom.fi\/wp-content\/uploads\/2025\/02\/IMG-20250219-WA0005-1.jpg 1600w\" sizes=\"auto, (max-width: 1024px) 100vw, 1024px\" \/><\/figure>\n<\/div>\n\n\n<p>Heading to Bock\u2019s Corner Brewery for a delicious dinner? Leave your kids at Smash Room for only \u20ac20\/hour!<br>They\u2019ll have a blast playing PlayStation 5, Simway Arcade, Fussball, Kimble, Uno and a lot more\u2014while you enjoy your meal in peace.<\/p>\n\n\n\n<p>Smashing is not included, but trust us, they\u2019ll have a lot of fun!<\/p>\n\n\n\n<p>Located near Bock\u2019s Corner Brewery<br>Just drop in and leave the\u00a0kids\u00a0with\u00a0us<\/p>","protected":false},"excerpt":{"rendered":"<p>Illallinen sinulle, hauskaa lapsille! Oletko menossa Bock&#8217;s Corner Brewery -panimoon herkulliselle illalliselle? J\u00e4t\u00e4 lapsesi Smash Roomiin vain 20 \u20ac\/tunti!He viihtyv\u00e4t PlayStation 5:ll\u00e4, Simway Arcadella, Fussballilla, Kimblell\u00e4, Unolla ja monella muulla \u2013 samalla kun nautit ateriaasi rauhassa. Smashing ei sis\u00e4lly hintaan, mutta luota meihin, heill\u00e4 on hauskaa! Sijaitsee l\u00e4hell\u00e4 Bock\u2019s Corner Brewery\u00e4Astu sis\u00e4\u00e4n ja j\u00e4t\u00e4 lapset &#8230; <a title=\"Child parking\" class=\"read-more\" href=\"https:\/\/smashroom.fi\/en\/lasten-parkkipaikka\/\" aria-label=\"Read more about Lasten parkkipaikka\">Read more<\/a><\/p>","protected":false},"author":1,"featured_media":0,"parent":0,"menu_order":0,"comment_status":"closed","ping_status":"closed","template":"","meta":{"_uag_custom_page_level_css":"","footnotes":""},"class_list":["post-2818","page","type-page","status-publish"],"uagb_featured_image_src":{"full":false,"thumbnail":false,"medium":false,"medium_large":false,"large":false,"1536x1536":false,"2048x2048":false,"trp-custom-language-flag":false,"woocommerce_thumbnail":false,"woocommerce_single":false,"woocommerce_gallery_thumbnail":false},"uagb_author_info":{"display_name":"Smash room","author_link":"https:\/\/smashroom.fi\/en\/author\/userkkdoo235\/"},"uagb_comment_info":0,"uagb_excerpt":"Illallinen sinulle, hauskaa lapsille! Oletko menossa Bock&#8217;s Corner Brewery -panimoon herkulliselle illalliselle? J\u00e4t\u00e4 lapsesi Smash Roomiin vain 20 \u20ac\/tunti!He viihtyv\u00e4t PlayStation 5:ll\u00e4, Simway Arcadella, Fussballilla, Kimblell\u00e4, Unolla ja monella muulla \u2013 samalla kun nautit ateriaasi rauhassa. Smashing ei sis\u00e4lly hintaan, mutta luota meihin, heill\u00e4 on hauskaa! Sijaitsee l\u00e4hell\u00e4 Bock\u2019s Corner Brewery\u00e4Astu sis\u00e4\u00e4n ja j\u00e4t\u00e4 lapset&hellip;","_links":{"self":[{"href":"https:\/\/smashroom.fi\/en\/wp-json\/wp\/v2\/pages\/2818","targetHints":{"allow":["GET"]}}],"collection":[{"href":"https:\/\/smashroom.fi\/en\/wp-json\/wp\/v2\/pages"}],"about":[{"href":"https:\/\/smashroom.fi\/en\/wp-json\/wp\/v2\/types\/page"}],"author":[{"embeddable":true,"href":"https:\/\/smashroom.fi\/en\/wp-json\/wp\/v2\/users\/1"}],"replies":[{"embeddable":true,"href":"https:\/\/smashroom.fi\/en\/wp-json\/wp\/v2\/comments?post=2818"}],"version-history":[{"count":10,"href":"https:\/\/smashroom.fi\/en\/wp-json\/wp\/v2\/pages\/2818\/revisions"}],"predecessor-version":[{"id":3415,"href":"https:\/\/smashroom.fi\/en\/wp-json\/wp\/v2\/pages\/2818\/revisions\/3415"}],"wp:attachment":[{"href":"https:\/\/smashroom.fi\/en\/wp-json\/wp\/v2\/media?parent=2818"}],"curies":[{"name":"wp","href":"https:\/\/api.w.org\/{rel}","templated":true}]}}