{"id":2682,"date":"2025-02-04T15:43:46","date_gmt":"2025-02-04T13:43:46","guid":{"rendered":"https:\/\/smashroom.fi\/?page_id=2682"},"modified":"2026-03-22T09:27:18","modified_gmt":"2026-03-22T07:27:18","slug":"pelit-2","status":"publish","type":"page","link":"https:\/\/smashroom.fi\/en\/pelit-2\/","title":{"rendered":"Games"},"content":{"rendered":"<p class=\"has-contrast-color has-text-color has-link-color wp-elements-bd34b48131077e87f253aecfe9ff4049\"><strong>Come and play games with us!<\/strong><\/p>\n\n\n\n<p>In addition to our Smash Room, we also have pinball, pool, football tables, Playstation 5 and darts.<br>Pool 1\u20ac game<br>Pinball 1 \u20ac game \/ 2 \u20ac, 3 games<br>Playstation 5, 10 \u20ac \/ hour<br>Darts 5 \u20ac \/ hour<br>SimWay Shooter 45 \u20ac \/ tunti (35 \u20ac \/ tunti)<br>Air Hockey 1 \u20ac game<\/p>\n\n\n\n<p class=\"has-contrast-color has-text-color has-link-color wp-elements-814a3b33feba9c55d276935d686ef0b3\"><strong>There are free games for our customers. Among other things, card games, the swaying tower, yahtzee, etc.<\/strong><\/p>\n\n\n\n<figure class=\"wp-block-gallery has-nested-images columns-3 is-cropped uag-masonry uagb-block-0c470d02 wp-block-gallery-1 is-layout-flex wp-block-gallery-is-layout-flex\">\n<figure class=\"wp-block-image size-large\"><a href=\"https:\/\/smashroom.fi\/wp-content\/uploads\/2025\/01\/20.25.22_0b052b6f.jpg\"><img loading=\"lazy\" decoding=\"async\" width=\"768\" height=\"1024\" data-id=\"2645\" src=\"https:\/\/smashroom.fi\/wp-content\/uploads\/2025\/01\/20.25.22_0b052b6f-768x1024.jpg\" alt=\"\" class=\"wp-image-2645\" srcset=\"https:\/\/smashroom.fi\/wp-content\/uploads\/2025\/01\/20.25.22_0b052b6f-768x1024.jpg 768w, https:\/\/smashroom.fi\/wp-content\/uploads\/2025\/01\/20.25.22_0b052b6f-300x400.jpg 300w, https:\/\/smashroom.fi\/wp-content\/uploads\/2025\/01\/20.25.22_0b052b6f-225x300.jpg 225w, https:\/\/smashroom.fi\/wp-content\/uploads\/2025\/01\/20.25.22_0b052b6f-1152x1536.jpg 1152w, https:\/\/smashroom.fi\/wp-content\/uploads\/2025\/01\/20.25.22_0b052b6f-9x12.jpg 9w, https:\/\/smashroom.fi\/wp-content\/uploads\/2025\/01\/20.25.22_0b052b6f.jpg 1200w\" sizes=\"auto, (max-width: 768px) 100vw, 768px\" \/><\/a><\/figure>\n\n\n\n<figure class=\"wp-block-image size-large\"><img loading=\"lazy\" decoding=\"async\" width=\"768\" height=\"1024\" data-id=\"2725\" src=\"https:\/\/smashroom.fi\/wp-content\/uploads\/2025\/02\/IMG-20250219-WA0001-768x1024.jpg\" alt=\"\" class=\"wp-image-2725\" srcset=\"https:\/\/smashroom.fi\/wp-content\/uploads\/2025\/02\/IMG-20250219-WA0001-768x1024.jpg 768w, https:\/\/smashroom.fi\/wp-content\/uploads\/2025\/02\/IMG-20250219-WA0001-300x400.jpg 300w, https:\/\/smashroom.fi\/wp-content\/uploads\/2025\/02\/IMG-20250219-WA0001-225x300.jpg 225w, https:\/\/smashroom.fi\/wp-content\/uploads\/2025\/02\/IMG-20250219-WA0001-1152x1536.jpg 1152w, https:\/\/smashroom.fi\/wp-content\/uploads\/2025\/02\/IMG-20250219-WA0001-9x12.jpg 9w, https:\/\/smashroom.fi\/wp-content\/uploads\/2025\/02\/IMG-20250219-WA0001.jpg 1200w\" sizes=\"auto, (max-width: 768px) 100vw, 768px\" \/><\/figure>\n\n\n\n<figure class=\"wp-block-image size-large\"><img loading=\"lazy\" decoding=\"async\" width=\"768\" height=\"1024\" data-id=\"2726\" src=\"https:\/\/smashroom.fi\/wp-content\/uploads\/2025\/02\/IMG-20250219-WA0002-768x1024.jpg\" alt=\"\" class=\"wp-image-2726\" srcset=\"https:\/\/smashroom.fi\/wp-content\/uploads\/2025\/02\/IMG-20250219-WA0002-768x1024.jpg 768w, https:\/\/smashroom.fi\/wp-content\/uploads\/2025\/02\/IMG-20250219-WA0002-300x400.jpg 300w, https:\/\/smashroom.fi\/wp-content\/uploads\/2025\/02\/IMG-20250219-WA0002-225x300.jpg 225w, https:\/\/smashroom.fi\/wp-content\/uploads\/2025\/02\/IMG-20250219-WA0002-1152x1536.jpg 1152w, https:\/\/smashroom.fi\/wp-content\/uploads\/2025\/02\/IMG-20250219-WA0002-9x12.jpg 9w, https:\/\/smashroom.fi\/wp-content\/uploads\/2025\/02\/IMG-20250219-WA0002.jpg 1200w\" sizes=\"auto, (max-width: 768px) 100vw, 768px\" \/><\/figure>\n\n\n\n<figure class=\"wp-block-image size-large\"><a href=\"https:\/\/smashroom.fi\/wp-content\/uploads\/2025\/01\/20.24.38_0e8d14f6.jpg\"><img loading=\"lazy\" decoding=\"async\" width=\"768\" height=\"1024\" data-id=\"2642\" src=\"https:\/\/smashroom.fi\/wp-content\/uploads\/2025\/01\/20.24.38_0e8d14f6-768x1024.jpg\" alt=\"\" class=\"wp-image-2642\" srcset=\"https:\/\/smashroom.fi\/wp-content\/uploads\/2025\/01\/20.24.38_0e8d14f6-768x1024.jpg 768w, https:\/\/smashroom.fi\/wp-content\/uploads\/2025\/01\/20.24.38_0e8d14f6-300x400.jpg 300w, https:\/\/smashroom.fi\/wp-content\/uploads\/2025\/01\/20.24.38_0e8d14f6-225x300.jpg 225w, https:\/\/smashroom.fi\/wp-content\/uploads\/2025\/01\/20.24.38_0e8d14f6-1152x1536.jpg 1152w, https:\/\/smashroom.fi\/wp-content\/uploads\/2025\/01\/20.24.38_0e8d14f6-9x12.jpg 9w, https:\/\/smashroom.fi\/wp-content\/uploads\/2025\/01\/20.24.38_0e8d14f6.jpg 1200w\" sizes=\"auto, (max-width: 768px) 100vw, 768px\" \/><\/a><\/figure>\n\n\n\n<figure class=\"wp-block-image size-large\"><img loading=\"lazy\" decoding=\"async\" width=\"768\" height=\"1024\" data-id=\"3902\" src=\"https:\/\/smashroom.fi\/wp-content\/uploads\/2026\/03\/WhatsApp-Image-2026-03-22-at-08.50.46-768x1024.jpeg\" alt=\"\" class=\"wp-image-3902\" srcset=\"https:\/\/smashroom.fi\/wp-content\/uploads\/2026\/03\/WhatsApp-Image-2026-03-22-at-08.50.46-768x1024.jpeg 768w, https:\/\/smashroom.fi\/wp-content\/uploads\/2026\/03\/WhatsApp-Image-2026-03-22-at-08.50.46-225x300.jpeg 225w, https:\/\/smashroom.fi\/wp-content\/uploads\/2026\/03\/WhatsApp-Image-2026-03-22-at-08.50.46-1152x1536.jpeg 1152w, https:\/\/smashroom.fi\/wp-content\/uploads\/2026\/03\/WhatsApp-Image-2026-03-22-at-08.50.46-1536x2048.jpeg 1536w, https:\/\/smashroom.fi\/wp-content\/uploads\/2026\/03\/WhatsApp-Image-2026-03-22-at-08.50.46-9x12.jpeg 9w, https:\/\/smashroom.fi\/wp-content\/uploads\/2026\/03\/WhatsApp-Image-2026-03-22-at-08.50.46-300x400.jpeg 300w, https:\/\/smashroom.fi\/wp-content\/uploads\/2026\/03\/WhatsApp-Image-2026-03-22-at-08.50.46-scaled.jpeg 1920w\" sizes=\"auto, (max-width: 768px) 100vw, 768px\" \/><\/figure>\n\n\n\n<figure class=\"wp-block-image size-large\"><img loading=\"lazy\" decoding=\"async\" width=\"1024\" height=\"683\" data-id=\"2759\" src=\"https:\/\/smashroom.fi\/wp-content\/uploads\/2025\/03\/5-1024x683.jpg\" alt=\"\" class=\"wp-image-2759\" srcset=\"https:\/\/smashroom.fi\/wp-content\/uploads\/2025\/03\/5-1024x683.jpg 1024w, https:\/\/smashroom.fi\/wp-content\/uploads\/2025\/03\/5-300x200.jpg 300w, https:\/\/smashroom.fi\/wp-content\/uploads\/2025\/03\/5-768x512.jpg 768w, https:\/\/smashroom.fi\/wp-content\/uploads\/2025\/03\/5-1536x1024.jpg 1536w, https:\/\/smashroom.fi\/wp-content\/uploads\/2025\/03\/5-2048x1365.jpg 2048w, https:\/\/smashroom.fi\/wp-content\/uploads\/2025\/03\/5-18x12.jpg 18w\" sizes=\"auto, (max-width: 1024px) 100vw, 1024px\" \/><\/figure>\n\n\n\n<figure class=\"wp-block-image size-large\"><img loading=\"lazy\" decoding=\"async\" width=\"1024\" height=\"683\" data-id=\"2761\" src=\"https:\/\/smashroom.fi\/wp-content\/uploads\/2025\/03\/4-1024x683.jpg\" alt=\"\" class=\"wp-image-2761\" srcset=\"https:\/\/smashroom.fi\/wp-content\/uploads\/2025\/03\/4-1024x683.jpg 1024w, https:\/\/smashroom.fi\/wp-content\/uploads\/2025\/03\/4-300x200.jpg 300w, https:\/\/smashroom.fi\/wp-content\/uploads\/2025\/03\/4-768x512.jpg 768w, https:\/\/smashroom.fi\/wp-content\/uploads\/2025\/03\/4-1536x1024.jpg 1536w, https:\/\/smashroom.fi\/wp-content\/uploads\/2025\/03\/4-2048x1365.jpg 2048w, https:\/\/smashroom.fi\/wp-content\/uploads\/2025\/03\/4-18x12.jpg 18w\" sizes=\"auto, (max-width: 1024px) 100vw, 1024px\" \/><\/figure>\n\n\n\n<figure class=\"wp-block-image size-large\"><img loading=\"lazy\" decoding=\"async\" width=\"1024\" height=\"683\" data-id=\"2762\" src=\"https:\/\/smashroom.fi\/wp-content\/uploads\/2025\/03\/3-1024x683.jpg\" alt=\"\" class=\"wp-image-2762\" srcset=\"https:\/\/smashroom.fi\/wp-content\/uploads\/2025\/03\/3-1024x683.jpg 1024w, https:\/\/smashroom.fi\/wp-content\/uploads\/2025\/03\/3-300x200.jpg 300w, https:\/\/smashroom.fi\/wp-content\/uploads\/2025\/03\/3-768x512.jpg 768w, https:\/\/smashroom.fi\/wp-content\/uploads\/2025\/03\/3-1536x1024.jpg 1536w, https:\/\/smashroom.fi\/wp-content\/uploads\/2025\/03\/3-2048x1365.jpg 2048w, https:\/\/smashroom.fi\/wp-content\/uploads\/2025\/03\/3-18x12.jpg 18w\" sizes=\"auto, (max-width: 1024px) 100vw, 1024px\" \/><\/figure>\n\n\n\n<figure class=\"wp-block-image size-large\"><img loading=\"lazy\" decoding=\"async\" width=\"683\" height=\"1024\" data-id=\"2760\" src=\"https:\/\/smashroom.fi\/wp-content\/uploads\/2025\/03\/8-683x1024.jpg\" alt=\"\" class=\"wp-image-2760\" srcset=\"https:\/\/smashroom.fi\/wp-content\/uploads\/2025\/03\/8-683x1024.jpg 683w, https:\/\/smashroom.fi\/wp-content\/uploads\/2025\/03\/8-scaled-300x450.jpg 300w, https:\/\/smashroom.fi\/wp-content\/uploads\/2025\/03\/8-200x300.jpg 200w, https:\/\/smashroom.fi\/wp-content\/uploads\/2025\/03\/8-768x1152.jpg 768w, https:\/\/smashroom.fi\/wp-content\/uploads\/2025\/03\/8-1024x1536.jpg 1024w, https:\/\/smashroom.fi\/wp-content\/uploads\/2025\/03\/8-1365x2048.jpg 1365w, https:\/\/smashroom.fi\/wp-content\/uploads\/2025\/03\/8-8x12.jpg 8w, https:\/\/smashroom.fi\/wp-content\/uploads\/2025\/03\/8-scaled.jpg 1707w\" sizes=\"auto, (max-width: 683px) 100vw, 683px\" \/><\/figure>\n\n\n\n<figure class=\"wp-block-image size-large\"><img loading=\"lazy\" decoding=\"async\" width=\"1024\" height=\"683\" data-id=\"2763\" src=\"https:\/\/smashroom.fi\/wp-content\/uploads\/2025\/03\/12-1024x683.jpg\" alt=\"\" class=\"wp-image-2763\" srcset=\"https:\/\/smashroom.fi\/wp-content\/uploads\/2025\/03\/12-1024x683.jpg 1024w, https:\/\/smashroom.fi\/wp-content\/uploads\/2025\/03\/12-300x200.jpg 300w, https:\/\/smashroom.fi\/wp-content\/uploads\/2025\/03\/12-768x512.jpg 768w, https:\/\/smashroom.fi\/wp-content\/uploads\/2025\/03\/12-1536x1024.jpg 1536w, https:\/\/smashroom.fi\/wp-content\/uploads\/2025\/03\/12-2048x1365.jpg 2048w, https:\/\/smashroom.fi\/wp-content\/uploads\/2025\/03\/12-18x12.jpg 18w\" sizes=\"auto, (max-width: 1024px) 100vw, 1024px\" \/><\/figure>\n\n\n\n<figure class=\"wp-block-image size-large\"><img loading=\"lazy\" decoding=\"async\" width=\"1024\" height=\"683\" data-id=\"2764\" src=\"https:\/\/smashroom.fi\/wp-content\/uploads\/2025\/03\/22-1024x683.jpg\" alt=\"\" class=\"wp-image-2764\" srcset=\"https:\/\/smashroom.fi\/wp-content\/uploads\/2025\/03\/22-1024x683.jpg 1024w, https:\/\/smashroom.fi\/wp-content\/uploads\/2025\/03\/22-300x200.jpg 300w, https:\/\/smashroom.fi\/wp-content\/uploads\/2025\/03\/22-768x512.jpg 768w, https:\/\/smashroom.fi\/wp-content\/uploads\/2025\/03\/22-1536x1024.jpg 1536w, https:\/\/smashroom.fi\/wp-content\/uploads\/2025\/03\/22-2048x1365.jpg 2048w, https:\/\/smashroom.fi\/wp-content\/uploads\/2025\/03\/22-18x12.jpg 18w\" sizes=\"auto, (max-width: 1024px) 100vw, 1024px\" \/><\/figure>\n\n\n\n<figure class=\"wp-block-image size-large\"><img loading=\"lazy\" decoding=\"async\" width=\"1024\" height=\"683\" data-id=\"2765\" src=\"https:\/\/smashroom.fi\/wp-content\/uploads\/2025\/03\/21-1024x683.jpg\" alt=\"\" class=\"wp-image-2765\" srcset=\"https:\/\/smashroom.fi\/wp-content\/uploads\/2025\/03\/21-1024x683.jpg 1024w, https:\/\/smashroom.fi\/wp-content\/uploads\/2025\/03\/21-300x200.jpg 300w, https:\/\/smashroom.fi\/wp-content\/uploads\/2025\/03\/21-768x512.jpg 768w, https:\/\/smashroom.fi\/wp-content\/uploads\/2025\/03\/21-1536x1024.jpg 1536w, https:\/\/smashroom.fi\/wp-content\/uploads\/2025\/03\/21-2048x1365.jpg 2048w, https:\/\/smashroom.fi\/wp-content\/uploads\/2025\/03\/21-18x12.jpg 18w\" sizes=\"auto, (max-width: 1024px) 100vw, 1024px\" \/><\/figure>\n\n\n\n<figure class=\"wp-block-image size-large\"><img loading=\"lazy\" decoding=\"async\" width=\"1024\" height=\"683\" data-id=\"2766\" src=\"https:\/\/smashroom.fi\/wp-content\/uploads\/2025\/03\/20-1024x683.jpg\" alt=\"\" class=\"wp-image-2766\" srcset=\"https:\/\/smashroom.fi\/wp-content\/uploads\/2025\/03\/20-1024x683.jpg 1024w, https:\/\/smashroom.fi\/wp-content\/uploads\/2025\/03\/20-300x200.jpg 300w, https:\/\/smashroom.fi\/wp-content\/uploads\/2025\/03\/20-768x512.jpg 768w, https:\/\/smashroom.fi\/wp-content\/uploads\/2025\/03\/20-1536x1024.jpg 1536w, https:\/\/smashroom.fi\/wp-content\/uploads\/2025\/03\/20-2048x1365.jpg 2048w, https:\/\/smashroom.fi\/wp-content\/uploads\/2025\/03\/20-18x12.jpg 18w\" sizes=\"auto, (max-width: 1024px) 100vw, 1024px\" \/><\/figure>\n\n\n\n<figure class=\"wp-block-image size-large\"><img loading=\"lazy\" decoding=\"async\" width=\"683\" height=\"1024\" data-id=\"2768\" src=\"https:\/\/smashroom.fi\/wp-content\/uploads\/2025\/03\/24-683x1024.jpg\" alt=\"\" class=\"wp-image-2768\" srcset=\"https:\/\/smashroom.fi\/wp-content\/uploads\/2025\/03\/24-683x1024.jpg 683w, https:\/\/smashroom.fi\/wp-content\/uploads\/2025\/03\/24-scaled-300x450.jpg 300w, https:\/\/smashroom.fi\/wp-content\/uploads\/2025\/03\/24-200x300.jpg 200w, https:\/\/smashroom.fi\/wp-content\/uploads\/2025\/03\/24-768x1152.jpg 768w, https:\/\/smashroom.fi\/wp-content\/uploads\/2025\/03\/24-1024x1536.jpg 1024w, https:\/\/smashroom.fi\/wp-content\/uploads\/2025\/03\/24-1365x2048.jpg 1365w, https:\/\/smashroom.fi\/wp-content\/uploads\/2025\/03\/24-8x12.jpg 8w, https:\/\/smashroom.fi\/wp-content\/uploads\/2025\/03\/24-scaled.jpg 1707w\" sizes=\"auto, (max-width: 683px) 100vw, 683px\" \/><\/figure>\n\n\n\n<figure class=\"wp-block-image size-large\"><img loading=\"lazy\" decoding=\"async\" width=\"683\" height=\"1024\" data-id=\"2769\" src=\"https:\/\/smashroom.fi\/wp-content\/uploads\/2025\/03\/23-683x1024.jpg\" alt=\"\" class=\"wp-image-2769\" srcset=\"https:\/\/smashroom.fi\/wp-content\/uploads\/2025\/03\/23-683x1024.jpg 683w, https:\/\/smashroom.fi\/wp-content\/uploads\/2025\/03\/23-scaled-300x450.jpg 300w, https:\/\/smashroom.fi\/wp-content\/uploads\/2025\/03\/23-200x300.jpg 200w, https:\/\/smashroom.fi\/wp-content\/uploads\/2025\/03\/23-768x1152.jpg 768w, https:\/\/smashroom.fi\/wp-content\/uploads\/2025\/03\/23-1024x1536.jpg 1024w, https:\/\/smashroom.fi\/wp-content\/uploads\/2025\/03\/23-1365x2048.jpg 1365w, https:\/\/smashroom.fi\/wp-content\/uploads\/2025\/03\/23-8x12.jpg 8w, https:\/\/smashroom.fi\/wp-content\/uploads\/2025\/03\/23-scaled.jpg 1707w\" sizes=\"auto, (max-width: 683px) 100vw, 683px\" \/><\/figure>\n\n\n\n<figure class=\"wp-block-image size-large\"><img loading=\"lazy\" decoding=\"async\" width=\"768\" height=\"1024\" data-id=\"2855\" src=\"https:\/\/smashroom.fi\/wp-content\/uploads\/2025\/04\/WhatsApp-Bild-2025-04-16-kl.-13.59.04_8bd1c943-768x1024.jpg\" alt=\"\" class=\"wp-image-2855\" srcset=\"https:\/\/smashroom.fi\/wp-content\/uploads\/2025\/04\/WhatsApp-Bild-2025-04-16-kl.-13.59.04_8bd1c943-768x1024.jpg 768w, https:\/\/smashroom.fi\/wp-content\/uploads\/2025\/04\/WhatsApp-Bild-2025-04-16-kl.-13.59.04_8bd1c943-300x400.jpg 300w, https:\/\/smashroom.fi\/wp-content\/uploads\/2025\/04\/WhatsApp-Bild-2025-04-16-kl.-13.59.04_8bd1c943-225x300.jpg 225w, https:\/\/smashroom.fi\/wp-content\/uploads\/2025\/04\/WhatsApp-Bild-2025-04-16-kl.-13.59.04_8bd1c943-1152x1536.jpg 1152w, https:\/\/smashroom.fi\/wp-content\/uploads\/2025\/04\/WhatsApp-Bild-2025-04-16-kl.-13.59.04_8bd1c943-9x12.jpg 9w, https:\/\/smashroom.fi\/wp-content\/uploads\/2025\/04\/WhatsApp-Bild-2025-04-16-kl.-13.59.04_8bd1c943.jpg 1536w\" sizes=\"auto, (max-width: 768px) 100vw, 768px\" \/><\/figure>\n\n\n\n<figure class=\"wp-block-image size-large\"><img loading=\"lazy\" decoding=\"async\" width=\"1024\" height=\"768\" data-id=\"2856\" src=\"https:\/\/smashroom.fi\/wp-content\/uploads\/2025\/04\/WhatsApp-Bild-2025-04-16-kl.-13.59.06_d5b5d1ca-1024x768.jpg\" alt=\"\" class=\"wp-image-2856\" srcset=\"https:\/\/smashroom.fi\/wp-content\/uploads\/2025\/04\/WhatsApp-Bild-2025-04-16-kl.-13.59.06_d5b5d1ca-1024x768.jpg 1024w, https:\/\/smashroom.fi\/wp-content\/uploads\/2025\/04\/WhatsApp-Bild-2025-04-16-kl.-13.59.06_d5b5d1ca-300x225.jpg 300w, https:\/\/smashroom.fi\/wp-content\/uploads\/2025\/04\/WhatsApp-Bild-2025-04-16-kl.-13.59.06_d5b5d1ca-768x576.jpg 768w, https:\/\/smashroom.fi\/wp-content\/uploads\/2025\/04\/WhatsApp-Bild-2025-04-16-kl.-13.59.06_d5b5d1ca-1536x1152.jpg 1536w, https:\/\/smashroom.fi\/wp-content\/uploads\/2025\/04\/WhatsApp-Bild-2025-04-16-kl.-13.59.06_d5b5d1ca-16x12.jpg 16w, https:\/\/smashroom.fi\/wp-content\/uploads\/2025\/04\/WhatsApp-Bild-2025-04-16-kl.-13.59.06_d5b5d1ca.jpg 2048w\" sizes=\"auto, (max-width: 1024px) 100vw, 1024px\" \/><\/figure>\n<\/figure>\n\n\n\n<p><\/p>","protected":false},"excerpt":{"rendered":"<p>Tule pelaamaan peli\u00e4 kanssamme! Smash Roomin lis\u00e4ksi meill\u00e4 on my\u00f6s flipperi\u00e4, biljardia, p\u00f6yt\u00e4jalkapallop\u00f6yt\u00e4\u00e4, Playstation 5:t\u00e4 ja tikkaa.Biljardi 1 \u20ac peliFlipperi 1 \u20ac peli \/ 2 \u20ac, 3 peli\u00e4Playstation 5, 10 \u20ac \/ tuntiDarts 5 \u20ac \/ tuntiSimWay Shooter 45 \u20ac \/ tunti (35 \u20ac \/ tunti)Ilmakiekko 1 \u20ac peli Asiakkaillemme on tarjolla ilmaisia \u200b\u200bpelej\u00e4. Mukaan &#8230; <a title=\"Games\" class=\"read-more\" href=\"https:\/\/smashroom.fi\/en\/pelit-2\/\" aria-label=\"Read more about Pelit\">Read more<\/a><\/p>","protected":false},"author":1,"featured_media":0,"parent":0,"menu_order":0,"comment_status":"closed","ping_status":"closed","template":"","meta":{"_uag_custom_page_level_css":"","footnotes":""},"class_list":["post-2682","page","type-page","status-publish"],"uagb_featured_image_src":{"full":false,"thumbnail":false,"medium":false,"medium_large":false,"large":false,"1536x1536":false,"2048x2048":false,"trp-custom-language-flag":false,"woocommerce_thumbnail":false,"woocommerce_single":false,"woocommerce_gallery_thumbnail":false},"uagb_author_info":{"display_name":"Smash room","author_link":"https:\/\/smashroom.fi\/en\/author\/userkkdoo235\/"},"uagb_comment_info":0,"uagb_excerpt":"Tule pelaamaan peli\u00e4 kanssamme! Smash Roomin lis\u00e4ksi meill\u00e4 on my\u00f6s flipperi\u00e4, biljardia, p\u00f6yt\u00e4jalkapallop\u00f6yt\u00e4\u00e4, Playstation 5:t\u00e4 ja tikkaa.Biljardi 1 \u20ac peliFlipperi 1 \u20ac peli \/ 2 \u20ac, 3 peli\u00e4Playstation 5, 10 \u20ac \/ tuntiDarts 5 \u20ac \/ tuntiSimWay Shooter 45 \u20ac \/ tunti (35 \u20ac \/ tunti)Ilmakiekko 1 \u20ac peli Asiakkaillemme on tarjolla ilmaisia \u200b\u200bpelej\u00e4. Mukaan&hellip;","_links":{"self":[{"href":"https:\/\/smashroom.fi\/en\/wp-json\/wp\/v2\/pages\/2682","targetHints":{"allow":["GET"]}}],"collection":[{"href":"https:\/\/smashroom.fi\/en\/wp-json\/wp\/v2\/pages"}],"about":[{"href":"https:\/\/smashroom.fi\/en\/wp-json\/wp\/v2\/types\/page"}],"author":[{"embeddable":true,"href":"https:\/\/smashroom.fi\/en\/wp-json\/wp\/v2\/users\/1"}],"replies":[{"embeddable":true,"href":"https:\/\/smashroom.fi\/en\/wp-json\/wp\/v2\/comments?post=2682"}],"version-history":[{"count":17,"href":"https:\/\/smashroom.fi\/en\/wp-json\/wp\/v2\/pages\/2682\/revisions"}],"predecessor-version":[{"id":3903,"href":"https:\/\/smashroom.fi\/en\/wp-json\/wp\/v2\/pages\/2682\/revisions\/3903"}],"wp:attachment":[{"href":"https:\/\/smashroom.fi\/en\/wp-json\/wp\/v2\/media?parent=2682"}],"curies":[{"name":"wp","href":"https:\/\/api.w.org\/{rel}","templated":true}]}}