{"id":1611,"date":"2024-09-08T19:50:15","date_gmt":"2024-09-08T16:50:15","guid":{"rendered":"https:\/\/smashroom.fi\/?page_id=1611"},"modified":"2026-04-29T06:25:44","modified_gmt":"2026-04-29T03:25:44","slug":"varaa-sessio","status":"publish","type":"page","link":"https:\/\/smashroom.fi\/en\/varaa-sessio\/","title":{"rendered":"Book"},"content":{"rendered":"<div class=\"gb-grid-wrapper gb-grid-wrapper-e2c7fe20\">\n<div class=\"gb-grid-column gb-grid-column-a4a9f5e4\"><div class=\"gb-container gb-container-a4a9f5e4\">\n\n<div style=\"height:37px\" aria-hidden=\"true\" class=\"wp-block-spacer\"><\/div>\n\n\n\n<h2 class=\"wp-block-heading has-text-align-center\">Palvelut<\/h2>\n\n\n\n<p class=\"has-text-align-center\">Opiskelijakorttia vastaan \u200b\u200bsaat 10% alennuksen valituista paketeista. (Koodi <strong>Smashopale<\/strong>)<br>Happy Hours -alennus ma-to valituista paketeista. Alennus v\u00e4hennet\u00e4\u00e4n kassalla.<\/p>\n\n\n\n<div class=\"wp-block-columns alignwide are-vertically-aligned-center is-layout-flex wp-container-core-columns-is-layout-9d6595d7 wp-block-columns-is-layout-flex\">\n<div class=\"wp-block-column is-vertically-aligned-center is-layout-flow wp-block-column-is-layout-flow\">\n<div class=\"wp-block-uagb-image aligncenter uagb-block-5db58eca wp-block-uagb-image--layout-default wp-block-uagb-image--effect-static wp-block-uagb-image--align-center\"><figure class=\"wp-block-uagb-image__figure\"><img decoding=\"async\" srcset=\"https:\/\/smashroom.fi\/wp-content\/uploads\/2024\/12\/Epassi-Logo-Primary-Color-RGB-1-copy.png ,https:\/\/smashroom.fi\/wp-content\/uploads\/2024\/12\/Epassi-Logo-Primary-Color-RGB-1-copy.png 780w, https:\/\/smashroom.fi\/wp-content\/uploads\/2024\/12\/Epassi-Logo-Primary-Color-RGB-1-copy.png 360w\" sizes=\"auto, (max-width: 480px) 150px\" src=\"https:\/\/smashroom.fi\/wp-content\/uploads\/2024\/12\/Epassi-Logo-Primary-Color-RGB-1-copy.png\" alt=\"\" class=\"uag-image-2480\" width=\"100\" height=\"37\" title=\"Epassi-Logo-Primary-Color-RGB-1-copy\" loading=\"lazy\" role=\"img\"\/><\/figure><\/div>\n<\/div>\n\n\n\n<div class=\"wp-block-column is-vertically-aligned-center is-layout-flow wp-block-column-is-layout-flow\">\n<div class=\"wp-block-uagb-image aligncenter uagb-block-ca0e592b wp-block-uagb-image--layout-default wp-block-uagb-image--effect-static wp-block-uagb-image--align-center\"><figure class=\"wp-block-uagb-image__figure\"><img decoding=\"async\" srcset=\"https:\/\/smashroom.fi\/wp-content\/uploads\/2024\/10\/123557-1.png ,https:\/\/smashroom.fi\/wp-content\/uploads\/2024\/10\/123557-1.png 780w, https:\/\/smashroom.fi\/wp-content\/uploads\/2024\/10\/123557-1.png 360w\" sizes=\"auto, (max-width: 480px) 150px\" src=\"https:\/\/smashroom.fi\/wp-content\/uploads\/2024\/10\/123557-1.png\" alt=\"\" class=\"uag-image-2083\" width=\"73\" height=\"37\" title=\"123557\" loading=\"lazy\" role=\"img\"\/><\/figure><\/div>\n<\/div>\n\n\n\n<div class=\"wp-block-column is-vertically-aligned-center is-layout-flow wp-block-column-is-layout-flow\">\n<div class=\"wp-block-uagb-image aligncenter uagb-block-df9236c7 wp-block-uagb-image--layout-default wp-block-uagb-image--effect-static wp-block-uagb-image--align-center\"><figure class=\"wp-block-uagb-image__figure\"><img decoding=\"async\" srcset=\"https:\/\/smashroom.fi\/wp-content\/uploads\/2024\/10\/123720.png ,https:\/\/smashroom.fi\/wp-content\/uploads\/2024\/10\/123720.png 780w, https:\/\/smashroom.fi\/wp-content\/uploads\/2024\/10\/123720.png 360w\" sizes=\"auto, (max-width: 480px) 150px\" src=\"https:\/\/smashroom.fi\/wp-content\/uploads\/2024\/10\/123720.png\" alt=\"\" class=\"uag-image-2080\" width=\"164\" height=\"31\" title=\"123720\" loading=\"lazy\" role=\"img\"\/><\/figure><\/div>\n<\/div>\n<\/div>\n\n\n\n<div class=\"wp-block-uagb-tabs uagb-block-2ec0e9de uagb-tabs__wrap uagb-tabs__hstyle3-desktop uagb-tabs__vstyle6-tablet uagb-tabs__stack1-mobile\" data-tab-active=\"0\"><ul class=\"uagb-tabs__panel uagb-tabs__align-left\" role=\"tablist\"><li class=\"uagb-tab uagb-tabs__active\" role=\"none\"><a href=\"#uagb-tabs__tab0\" class=\"uagb-tabs-list uagb-tabs__icon-position-left\" data-tab=\"0\" role=\"tab\"><div>Smashroom<\/div><\/a><\/li><li class=\"uagb-tab \" role=\"none\"><a href=\"#uagb-tabs__tab1\" class=\"uagb-tabs-list uagb-tabs__icon-position-left\" data-tab=\"1\" role=\"tab\"><div>Juhlat<\/div><\/a><\/li><li class=\"uagb-tab \" role=\"none\"><a href=\"#uagb-tabs__tab2\" class=\"uagb-tabs-list uagb-tabs__icon-position-left\" data-tab=\"2\" role=\"tab\"><div>VR Arena<\/div><\/a><\/li><li class=\"uagb-tab \" role=\"none\"><a href=\"#uagb-tabs__tab3\" class=\"uagb-tabs-list uagb-tabs__icon-position-left\" data-tab=\"3\" role=\"tab\"><div>SimRacing<\/div><\/a><\/li><li class=\"uagb-tab \" role=\"none\"><a href=\"#uagb-tabs__tab4\" class=\"uagb-tabs-list uagb-tabs__icon-position-left\" data-tab=\"4\" role=\"tab\"><div>Pelit<\/div><\/a><\/li><li class=\"uagb-tab \" role=\"none\"><a href=\"#uagb-tabs__tab5\" class=\"uagb-tabs-list uagb-tabs__icon-position-left\" data-tab=\"5\" role=\"tab\"><div>Tilat<\/div><\/a><\/li><li class=\"uagb-tab \" role=\"none\"><a href=\"#uagb-tabs__tab6\" class=\"uagb-tabs-list uagb-tabs__icon-position-left\" data-tab=\"6\" role=\"tab\"><div>SimWay shooter<\/div><\/a><\/li><\/ul><div class=\"uagb-tabs__body-wrap\">\n<div class=\"wp-block-uagb-tabs-child uagb-tabs__body-container uagb-inner-tab-0\" aria-labelledby=\"uagb-tabs__tab0\">\n<ul class=\"wp-block-list\">\n<li>1-2 henkil\u00f6\u00e4<\/li>\n\n\n\n<li>3-4 henkil\u00f6\u00e4<\/li>\n\n\n\n<li>5-6 henkil\u00f6\u00e4<\/li>\n\n\n\n<li>Ryhmi\u00e4<\/li>\n<\/ul>\n<\/div>\n\n\n\n<div class=\"wp-block-uagb-tabs-child uagb-tabs__body-container uagb-inner-tab-1\" aria-labelledby=\"uagb-tabs__tab1\">\n<ul class=\"wp-block-list\">\n<li>Lasten juhlat<\/li>\n\n\n\n<li>Syntt\u00e4rit<\/li>\n\n\n\n<li>Polttarit<\/li>\n\n\n\n<li>Yritysten juhlat<\/li>\n<\/ul>\n<\/div>\n\n\n\n<div class=\"wp-block-uagb-tabs-child uagb-tabs__body-container uagb-inner-tab-2\" aria-labelledby=\"uagb-tabs__tab2\">\n<p>Huipputason free-roam moninpelattava VR-el\u00e4mys, jossa koko kehosi toimii ohjaimena.<\/p>\n<\/div>\n\n\n\n<div class=\"wp-block-uagb-tabs-child uagb-tabs__body-container uagb-inner-tab-3\" aria-labelledby=\"uagb-tabs__tab3\">\n<p>Ajosimulaattorit viev\u00e4t sinut suoraan kilparadoille.<\/p>\n<\/div>\n\n\n\n<div class=\"wp-block-uagb-tabs-child uagb-tabs__body-container uagb-inner-tab-4\" aria-labelledby=\"uagb-tabs__tab4\">\n<ul class=\"wp-block-list\">\n<li>Biljardi<\/li>\n\n\n\n<li>Fussball<\/li>\n\n\n\n<li>Flipperi<\/li>\n\n\n\n<li>Murder Mystery<\/li>\n\n\n\n<li>Playstation 5<\/li>\n\n\n\n<li>Darts<\/li>\n\n\n\n<li>Air Hockey<\/li>\n\n\n\n<li>SimRacing<\/li>\n<\/ul>\n<\/div>\n\n\n\n<div class=\"wp-block-uagb-tabs-child uagb-tabs__body-container uagb-inner-tab-5\" aria-labelledby=\"uagb-tabs__tab5\">\n<ul class=\"wp-block-list\">\n<li>Mukavat istuimet jopa 40 hengelle<\/li>\n\n\n\n<li>Karkea ja tyylik\u00e4s muokattavissa oleva kokoonpano<\/li>\n\n\n\n<li>Wi-Fi<\/li>\n\n\n\n<li>\u00c4\u00e4nij\u00e4rjestelm\u00e4<\/li>\n\n\n\n<li>Ruokailuvaihtoehdot<\/li>\n\n\n\n<li>Tiloihimme mahtuu yhteens\u00e4 80 henkil\u00f6\u00e4.<\/li>\n<\/ul>\n<\/div>\n\n\n\n<div class=\"wp-block-uagb-tabs-child uagb-tabs__body-container uagb-inner-tab-6\" aria-labelledby=\"uagb-tabs__tab6\"><div class=\"gb-container gb-container-421122cc\">\n\n<ul class=\"wp-block-list\">\n<li>Wild West arcade<\/li>\n\n\n\n<li>Hunt Pro<\/li>\n\n\n\n<li>Hunt Challenge<\/li>\n\n\n\n<li>Pracital Shooting<\/li>\n\n\n\n<li>1-16 players<\/li>\n<\/ul>\n\n<\/div><\/div>\n<\/div><\/div>\n\n\n<div class=\"gb-container gb-container-17d32801\">\n\n<div class=\"wp-block-bookly-form\"><!--\nPlugin Name: Bookly - Responsive WordPress Appointment Booking and Scheduling Plugin\nPlugin URI: https:\/\/www.booking-wp-plugin.com\/?utm_source=bookly_admin&utm_medium=plugins_page&utm_campaign=plugins_page\nVersion: 27.5-->\n<style type=\"text\/css\">\n    :root {\n        --bookly-main-color: #f4662f !important;\n        --bookly-color: #f4662f !important;\n    }\n\n    <\/style><div class=\"bookly-css-root\">\n    <div id=\"bookly-form-container-69f39b7a38c05\" class=\"bookly-form\" data-form_id=\"\" aria-live=\"polite\">\n        <div style=\"text-align: center\"><img decoding=\"async\" src=\"https:\/\/smashroom.fi\/wp-includes\/js\/tinymce\/skins\/lightgray\/img\/loader.gif\" alt=\"Loading...\"\/><\/div>\n    <\/div>\n<\/div>\n<script type=\"text\/javascript\">\n    (function (win, fn) {\n        var done = false, top = true,\n            doc = win.document,\n            root = doc.documentElement,\n            modern = doc.addEventListener,\n            add = modern ? 'addEventListener' : 'attachEvent',\n            rem = modern ? 'removeEventListener' : 'detachEvent',\n            pre = modern ? '' : 'on',\n            init = function (e) {\n                if (e.type == 'readystatechange') if (doc.readyState != 'complete') return;\n                (e.type == 'load' ? win : doc)[rem](pre + e.type, init, false);\n                if (!done) {\n                    done = true;\n                    fn.call(win, e.type || e);\n                }\n            },\n            poll = function () {\n                try {\n                    root.doScroll('left');\n                } catch (e) {\n                    setTimeout(poll, 50);\n                    return;\n                }\n                init('poll');\n            };\n        if (doc.readyState == 'complete') fn.call(win, 'lazy');\n        else {\n            if (!modern) if (root.doScroll) {\n                try {\n                    top = !win.frameElement;\n                } catch (e) {\n                }\n                if (top) poll();\n            }\n            doc[add](pre + 'DOMContentLoaded', init, false);\n            doc[add](pre + 'readystatechange', init, false);\n            win[add](pre + 'load', init, false);\n        }\n    })(window, function () {\n        window.bookly( {\"form_id\":\"69f39b7a38c05\",\"form_data\":{\"skip_service_step\":0,\"hide_service_part1\":0,\"hide_service_part2\":0,\"defaults\":{\"service_id\":0,\"staff_id\":0,\"location_id\":0,\"category_id\":0,\"units\":0,\"date_from\":0,\"time_from\":0,\"time_to\":0}},\"status\":{\"booking\":\"new\"},\"form_token\":null,\"skip_steps\":{\"service_part1\":0,\"service_part2\":0,\"extras\":1,\"time\":0,\"repeat\":1,\"cart\":0},\"errors\":{\"session_error\":\"Session error.\",\"form_id_error\":\"Form ID error.\",\"cart_item_not_available\":\"Korostettu aika ei ole en\\u00e4\\u00e4 saatavilla. Valitse toinen aikav\\u00e4li.\\n\\nThe highlighted time is not available anymore. Please, choose another time slot.\",\"pay_locally_not_available\":\"Pay locally is not available.\",\"invalid_gateway\":\"Invalid gateway.\",\"payment_error\":\"Error.\",\"incorrect_username_password\":\"Incorrect username or password.\"},\"form_attributes\":{\"hide_categories\":false,\"hide_services\":false,\"hide_staff_members\":true,\"show_number_of_persons\":true,\"hide_service_duration\":false,\"hide_locations\":true,\"hide_quantity\":true,\"hide_date\":false,\"hide_week_days\":false,\"hide_time_range\":false},\"use_client_time_zone\":0,\"defaults\":{\"service_id\":0,\"staff_id\":0,\"location_id\":0,\"category_id\":0},\"datepicker_mode\":\"text-accent\",\"facebook\":{\"enabled\":0,\"appId\":\"\"}} );\n    });\n<\/script><\/div>\n\n<\/div>\n\n\n<h2 class=\"wp-block-heading has-text-align-center\">Tapahtumia<\/h2>\n\n\n\n<div class=\"wp-block-uagb-restaurant-menu uagb-block-f81d0de7 uagb-rm__desk-column-2 uagb-rm__tablet-column-2 uagb-rm__mobile-column-1\">\n<div class=\"wp-block-uagb-restaurant-menu-child uagb-rest_menu__wrap\"><div class=\"uagb-rm__content\"><img decoding=\"async\" class=\"\" src=\"https:\/\/smashroom.fi\/wp-content\/uploads\/2025\/08\/WhatsApp-Bild-2025-08-25-kl.-16.00.16_1fb0b9bd-203x300.jpg\" alt=\"\" width=\"207\" height=\"306\" loading=\"lazy\"\/><div class=\"uagb-rm-details\"><h4 class=\"uagb-rm__title\">Gaming Nights &#8211; Vaasa Pub Fighters <\/h4><div class=\"uagb-rm__desc\">Tekken, Street Fighter, Smash Bros, Mario Kart jne.<br><br>Ilmainen &#8211; Joka keskiviikko &#8211; 18-22 &#8211; K18<br><br>Instagram: vaasapubfighters<br><a href=\"http:\/\/discord.me\/vaasapubfighters\" data-type=\"link\" data-id=\"discord.me\/vaasapubfighters\">discord.me\/vaasapubfighters<\/a><\/div><\/div><span class=\"uagb-rm__price\">0 \u20ac<\/span><\/div><div class=\"uagb-rm__separator\"><\/div><\/div>\n<\/div>\n\n<\/div><\/div>\n<\/div>","protected":false},"excerpt":{"rendered":"","protected":false},"author":1,"featured_media":0,"parent":0,"menu_order":0,"comment_status":"closed","ping_status":"closed","template":"","meta":{"_uag_custom_page_level_css":"","footnotes":""},"class_list":["post-1611","page","type-page","status-publish"],"uagb_featured_image_src":{"full":false,"thumbnail":false,"medium":false,"medium_large":false,"large":false,"1536x1536":false,"2048x2048":false,"trp-custom-language-flag":false,"woocommerce_thumbnail":false,"woocommerce_single":false,"woocommerce_gallery_thumbnail":false},"uagb_author_info":{"display_name":"Smash room","author_link":"https:\/\/smashroom.fi\/en\/author\/userkkdoo235\/"},"uagb_comment_info":0,"uagb_excerpt":null,"_links":{"self":[{"href":"https:\/\/smashroom.fi\/en\/wp-json\/wp\/v2\/pages\/1611","targetHints":{"allow":["GET"]}}],"collection":[{"href":"https:\/\/smashroom.fi\/en\/wp-json\/wp\/v2\/pages"}],"about":[{"href":"https:\/\/smashroom.fi\/en\/wp-json\/wp\/v2\/types\/page"}],"author":[{"embeddable":true,"href":"https:\/\/smashroom.fi\/en\/wp-json\/wp\/v2\/users\/1"}],"replies":[{"embeddable":true,"href":"https:\/\/smashroom.fi\/en\/wp-json\/wp\/v2\/comments?post=1611"}],"version-history":[{"count":36,"href":"https:\/\/smashroom.fi\/en\/wp-json\/wp\/v2\/pages\/1611\/revisions"}],"predecessor-version":[{"id":4113,"href":"https:\/\/smashroom.fi\/en\/wp-json\/wp\/v2\/pages\/1611\/revisions\/4113"}],"wp:attachment":[{"href":"https:\/\/smashroom.fi\/en\/wp-json\/wp\/v2\/media?parent=1611"}],"curies":[{"name":"wp","href":"https:\/\/api.w.org\/{rel}","templated":true}]}}