{"id":1506,"date":"2024-09-08T07:39:20","date_gmt":"2024-09-08T04:39:20","guid":{"rendered":"https:\/\/smashroom.fi\/?page_id=1506"},"modified":"2024-09-30T18:38:18","modified_gmt":"2024-09-30T15:38:18","slug":"donation","status":"publish","type":"page","link":"https:\/\/smashroom.fi\/en\/donation\/","title":{"rendered":"Donations"},"content":{"rendered":"<p class=\"translation-block\">Yes! Donations are an integral part of the services we provide. If you have old junk you want to get rid of call +358 45 272 0118 or email us at smash@smashroom.fi to schedule a FREE pick up.<\/p>\n\n\n\n<p>You can also drop items of to us and leave the outside the shop.<\/p>\n\n\n\n<p>We accept anything that can be smashed with a baseball bat.<\/p>\n\n\n\n<p>E.g. electronics, glass, plates, CDs and LPs, decorative items, picture frames and the like.<\/p>\n\n\n\n<p>Items intended for disposal will have their last life with us before they are sorted into Stormossen.<\/p>\n\n\n\n<p>We cannot accept anything that may cause a safety hazard to customers. Common items that contain\ndangerous electrical discharge and\/or metals and liquids include: Microwaves, Tube TVs (the old boxy\nones), Light Bulbs, Thermostats, Air Cannisters and Medical Equipment.<\/p>","protected":false},"excerpt":{"rendered":"<p>Kyll\u00e4 SAA! Lahjoitukset ovat olennainen osa tarjoamiamme palveluita. Jos sinulla on vanhoja roskia, joista haluat p\u00e4\u00e4st\u00e4 eroon, soita +358 45 272 0118 tai l\u00e4het\u00e4 meille s\u00e4hk\u00f6postia osoitteeseen smash@smashroom.fi ja varaa ILMAINEN ker\u00e4ys. Voit my\u00f6s tuoda tavaroita meille ja j\u00e4tt\u00e4\u00e4 ne Smash Roomin ulkopuolelle Pohjologatanilla Bock&#8217;sia vastap\u00e4\u00e4t\u00e4. Otamme vastaan kaiken, mink\u00e4 voi murskata pes\u00e4pallomailalla. Esim. elektroniikkaa, &#8230; <a title=\"Donations\" class=\"read-more\" href=\"https:\/\/smashroom.fi\/en\/donation\/\" aria-label=\"Read more about Lahjoitukset\">Read more<\/a><\/p>","protected":false},"author":1,"featured_media":0,"parent":0,"menu_order":0,"comment_status":"closed","ping_status":"closed","template":"","meta":{"_uag_custom_page_level_css":"","footnotes":""},"class_list":["post-1506","page","type-page","status-publish"],"uagb_featured_image_src":{"full":false,"thumbnail":false,"medium":false,"medium_large":false,"large":false,"1536x1536":false,"2048x2048":false,"trp-custom-language-flag":false,"woocommerce_thumbnail":false,"woocommerce_single":false,"woocommerce_gallery_thumbnail":false},"uagb_author_info":{"display_name":"Smash room","author_link":"https:\/\/smashroom.fi\/en\/author\/userkkdoo235\/"},"uagb_comment_info":0,"uagb_excerpt":"Kyll\u00e4 SAA! Lahjoitukset ovat olennainen osa tarjoamiamme palveluita. Jos sinulla on vanhoja roskia, joista haluat p\u00e4\u00e4st\u00e4 eroon, soita +358 45 272 0118 tai l\u00e4het\u00e4 meille s\u00e4hk\u00f6postia osoitteeseen smash@smashroom.fi ja varaa ILMAINEN ker\u00e4ys. Voit my\u00f6s tuoda tavaroita meille ja j\u00e4tt\u00e4\u00e4 ne Smash Roomin ulkopuolelle Pohjologatanilla Bock&#8217;sia vastap\u00e4\u00e4t\u00e4. Otamme vastaan kaiken, mink\u00e4 voi murskata pes\u00e4pallomailalla. Esim. elektroniikkaa,&hellip;","_links":{"self":[{"href":"https:\/\/smashroom.fi\/en\/wp-json\/wp\/v2\/pages\/1506","targetHints":{"allow":["GET"]}}],"collection":[{"href":"https:\/\/smashroom.fi\/en\/wp-json\/wp\/v2\/pages"}],"about":[{"href":"https:\/\/smashroom.fi\/en\/wp-json\/wp\/v2\/types\/page"}],"author":[{"embeddable":true,"href":"https:\/\/smashroom.fi\/en\/wp-json\/wp\/v2\/users\/1"}],"replies":[{"embeddable":true,"href":"https:\/\/smashroom.fi\/en\/wp-json\/wp\/v2\/comments?post=1506"}],"version-history":[{"count":8,"href":"https:\/\/smashroom.fi\/en\/wp-json\/wp\/v2\/pages\/1506\/revisions"}],"predecessor-version":[{"id":1938,"href":"https:\/\/smashroom.fi\/en\/wp-json\/wp\/v2\/pages\/1506\/revisions\/1938"}],"wp:attachment":[{"href":"https:\/\/smashroom.fi\/en\/wp-json\/wp\/v2\/media?parent=1506"}],"curies":[{"name":"wp","href":"https:\/\/api.w.org\/{rel}","templated":true}]}}